{"id":55684,"date":"2025-05-20T21:09:40","date_gmt":"2025-05-20T21:09:40","guid":{"rendered":"https:\/\/snoopy.hr\/foster\/"},"modified":"2025-09-19T05:27:00","modified_gmt":"2025-09-19T05:27:00","slug":"adopt","status":"publish","type":"page","link":"https:\/\/snoopy.hr\/en\/adopt\/","title":{"rendered":"Adopt"},"content":{"rendered":"<p>[et_pb_section fb_built=&#8221;1&#8243; specialty=&#8221;on&#8221; padding_right_1=&#8221;0px&#8221; padding_right_2=&#8221;0px&#8221; padding_left_1=&#8221;0px&#8221; padding_left_2=&#8221;0px&#8221; padding_top_bottom_link_1=&#8221;false&#8221; padding_top_bottom_link_2=&#8221;false&#8221; padding_left_right_link_1=&#8221;false&#8221; padding_left_right_link_2=&#8221;false&#8221; _builder_version=&#8221;4.27.4&#8243; _module_preset=&#8221;default&#8221; inner_max_width=&#8221;1300px&#8221; custom_padding=&#8221;|0px||0px|false|false&#8221; global_colors_info=&#8221;{}&#8221;][et_pb_column type=&#8221;1_2&#8243; specialty_columns=&#8221;2&#8243; _builder_version=&#8221;4.16&#8243; custom_padding=&#8221;|||&#8221; global_colors_info=&#8221;{}&#8221; custom_padding__hover=&#8221;|||&#8221;][et_pb_row_inner column_structure=&#8221;1_2,1_2&#8243; use_custom_gutter=&#8221;on&#8221; gutter_width=&#8221;2&#8243; _builder_version=&#8221;4.27.4&#8243; _module_preset=&#8221;default&#8221; custom_margin=&#8221;||||false|false&#8221; global_colors_info=&#8221;{}&#8221;][et_pb_column_inner type=&#8221;1_2&#8243; saved_specialty_column_type=&#8221;1_2&#8243; _builder_version=&#8221;4.27.4&#8243; _module_preset=&#8221;default&#8221; link_option_url=&#8221;#zenke&#8221; border_radii=&#8221;on|10px|10px|10px|10px&#8221; global_colors_info=&#8221;{}&#8221; transform_styles__hover_enabled=&#8221;on|hover&#8221; transform_scale__hover_enabled=&#8221;on|hover&#8221; transform_translate__hover_enabled=&#8221;on|desktop&#8221; transform_rotate__hover_enabled=&#8221;on|desktop&#8221; transform_skew__hover_enabled=&#8221;on|desktop&#8221; transform_origin__hover_enabled=&#8221;on|desktop&#8221; transform_scale__hover=&#8221;105%|105%&#8221;][et_pb_image src=&#8221;https:\/\/snoopy.hr\/wp-content\/uploads\/2025\/09\/suzi3-web.jpg&#8221; title_text=&#8221;suzi3-web&#8221; show_bottom_space=&#8221;off&#8221; _builder_version=&#8221;4.27.4&#8243; _module_preset=&#8221;default&#8221; use_background_color_gradient=&#8221;on&#8221; filter_brightness=&#8221;55%&#8221; hover_enabled=&#8221;0&#8243; global_colors_info=&#8221;{}&#8221; sticky_enabled=&#8221;0&#8243;][\/et_pb_image][et_pb_text _builder_version=&#8221;4.27.4&#8243; _module_preset=&#8221;default&#8221; text_font=&#8221;Inria Sans||||||||&#8221; text_text_color=&#8221;#ffffff&#8221; text_font_size=&#8221;16px&#8221; background_color=&#8221;#57BDEB&#8221; custom_margin=&#8221;0px||||false|false&#8221; custom_padding=&#8221;10px|10px|10px|10px|true|true&#8221; global_colors_info=&#8221;{}&#8221;]<\/p>\n<p>Females<\/p>\n<p>[\/et_pb_text][\/et_pb_column_inner][et_pb_column_inner type=&#8221;1_2&#8243; saved_specialty_column_type=&#8221;1_2&#8243; _builder_version=&#8221;4.27.4&#8243; _module_preset=&#8221;default&#8221; link_option_url=&#8221;#muzjaci&#8221; border_radii=&#8221;on|10px|10px|10px|10px&#8221; global_colors_info=&#8221;{}&#8221; transform_styles__hover_enabled=&#8221;on|hover&#8221; transform_scale__hover_enabled=&#8221;on|hover&#8221; transform_translate__hover_enabled=&#8221;on|desktop&#8221; transform_rotate__hover_enabled=&#8221;on|desktop&#8221; transform_skew__hover_enabled=&#8221;on|desktop&#8221; transform_origin__hover_enabled=&#8221;on|desktop&#8221; transform_scale__hover=&#8221;105%|105%&#8221;][et_pb_image src=&#8221;https:\/\/snoopy.hr\/wp-content\/uploads\/2025\/07\/topaz9-web.jpg&#8221; title_text=&#8221;topaz9-web&#8221; show_bottom_space=&#8221;off&#8221; _builder_version=&#8221;4.27.4&#8243; _module_preset=&#8221;default&#8221; filter_brightness=&#8221;55%&#8221; global_colors_info=&#8221;{}&#8221;][\/et_pb_image][et_pb_text _builder_version=&#8221;4.27.4&#8243; _module_preset=&#8221;default&#8221; text_font=&#8221;Inria Sans||||||||&#8221; text_text_color=&#8221;#ffffff&#8221; text_font_size=&#8221;16px&#8221; background_color=&#8221;#57BDEB&#8221; custom_margin=&#8221;0px||||false|false&#8221; custom_padding=&#8221;10px|10px|10px|10px|true|true&#8221; global_colors_info=&#8221;{}&#8221;]<\/p>\n<p>Males<\/p>\n<p>[\/et_pb_text][\/et_pb_column_inner][\/et_pb_row_inner][et_pb_row_inner column_structure=&#8221;1_2,1_2&#8243; use_custom_gutter=&#8221;on&#8221; gutter_width=&#8221;2&#8243; _builder_version=&#8221;4.27.4&#8243; _module_preset=&#8221;default&#8221; custom_margin=&#8221;0px||||false|false&#8221; custom_padding=&#8221;0px||||false|false&#8221; global_colors_info=&#8221;{}&#8221;][et_pb_column_inner type=&#8221;1_2&#8243; saved_specialty_column_type=&#8221;1_2&#8243; _builder_version=&#8221;4.27.4&#8243; _module_preset=&#8221;default&#8221; link_option_url=&#8221;#stenci&#8221; border_radii=&#8221;on|10px|10px|10px|10px&#8221; global_colors_info=&#8221;{}&#8221; transform_styles__hover_enabled=&#8221;on|hover&#8221; transform_scale__hover_enabled=&#8221;on|hover&#8221; transform_translate__hover_enabled=&#8221;on|desktop&#8221; transform_rotate__hover_enabled=&#8221;on|desktop&#8221; transform_skew__hover_enabled=&#8221;on|desktop&#8221; transform_origin__hover_enabled=&#8221;on|desktop&#8221; transform_scale__hover=&#8221;105%|105%&#8221;][et_pb_image src=&#8221;https:\/\/snoopy.hr\/wp-content\/uploads\/2025\/07\/stenac-snoopy.jpg&#8221; title_text=&#8221;Snoopy puppy&#8221; show_bottom_space=&#8221;off&#8221; _builder_version=&#8221;4.27.4&#8243; _module_preset=&#8221;default&#8221; filter_brightness=&#8221;55%&#8221; global_colors_info=&#8221;{}&#8221;][\/et_pb_image][et_pb_text _builder_version=&#8221;4.27.4&#8243; _module_preset=&#8221;default&#8221; text_font=&#8221;Inria Sans||||||||&#8221; text_text_color=&#8221;#ffffff&#8221; text_font_size=&#8221;16px&#8221; background_color=&#8221;#57BDEB&#8221; custom_margin=&#8221;0px||||false|false&#8221; custom_padding=&#8221;10px|10px|10px|10px|true|true&#8221; global_colors_info=&#8221;{}&#8221;]<\/p>\n<p>Puppies<\/p>\n<p>[\/et_pb_text][\/et_pb_column_inner][et_pb_column_inner type=&#8221;1_2&#8243; saved_specialty_column_type=&#8221;1_2&#8243; _builder_version=&#8221;4.27.4&#8243; _module_preset=&#8221;default&#8221; link_option_url=&#8221;#stariji_psi&#8221; border_radii=&#8221;on|10px|10px|10px|10px&#8221; global_colors_info=&#8221;{}&#8221; transform_styles__hover_enabled=&#8221;on|hover&#8221; transform_scale__hover_enabled=&#8221;on|hover&#8221; transform_translate__hover_enabled=&#8221;on|desktop&#8221; transform_rotate__hover_enabled=&#8221;on|desktop&#8221; transform_skew__hover_enabled=&#8221;on|desktop&#8221; transform_origin__hover_enabled=&#8221;on|desktop&#8221; transform_scale__hover=&#8221;105%|105%&#8221;][et_pb_image src=&#8221;https:\/\/snoopy.hr\/wp-content\/uploads\/2025\/07\/MEDO-WEB.jpg&#8221; title_text=&#8221;MEDO-WEB&#8221; show_bottom_space=&#8221;off&#8221; _builder_version=&#8221;4.27.4&#8243; _module_preset=&#8221;default&#8221; filter_brightness=&#8221;55%&#8221; global_colors_info=&#8221;{}&#8221;][\/et_pb_image][et_pb_text _builder_version=&#8221;4.27.4&#8243; _module_preset=&#8221;default&#8221; text_font=&#8221;Inria Sans||||||||&#8221; text_text_color=&#8221;#ffffff&#8221; text_font_size=&#8221;16px&#8221; background_color=&#8221;#57BDEB&#8221; custom_margin=&#8221;0px||||false|false&#8221; custom_padding=&#8221;10px|10px|10px|10px|true|true&#8221; global_colors_info=&#8221;{}&#8221;]<\/p>\n<p>Older dogs<\/p>\n<p>[\/et_pb_text][\/et_pb_column_inner][\/et_pb_row_inner][\/et_pb_column][et_pb_column type=&#8221;1_2&#8243; _builder_version=&#8221;4.16&#8243; custom_padding=&#8221;|||&#8221; global_colors_info=&#8221;{}&#8221; custom_padding__hover=&#8221;|||&#8221;][et_pb_text _builder_version=&#8221;4.27.4&#8243; _module_preset=&#8221;6403430a-6153-4413-b324-8f561a6aa7ba&#8221; header_font=&#8221;babi lexi||||||||&#8221; header_text_align=&#8221;left&#8221; header_text_color=&#8221;#57BDEB&#8221; header_font_size=&#8221;80px&#8221; header_letter_spacing=&#8221;5px&#8221; header_line_height=&#8221;0.8em&#8221; custom_margin=&#8221;||10px||false|false&#8221; animation_style=&#8221;fade&#8221; header_font_size_tablet=&#8221;80px&#8221; header_font_size_phone=&#8221;45px&#8221; header_font_size_last_edited=&#8221;on|phone&#8221; global_colors_info=&#8221;{}&#8221;]<\/p>\n<h1>Adopt<\/h1>\n<p>[\/et_pb_text][et_pb_text _builder_version=&#8221;4.27.4&#8243; _module_preset=&#8221;default&#8221; text_font=&#8221;Inria Sans||||||||&#8221; text_font_size=&#8221;16px&#8221; text_line_height=&#8221;1.8em&#8221; global_colors_info=&#8221;{}&#8221;]<\/p>\n<p>Thank you for your interest in adopting a dog from Snoopy!<\/p>\n<p>Give them a chance and see first-hand how much gratitude, love and affection you<br \/>will find in adopted dog.<\/p>\n<p>[\/et_pb_text][et_pb_text _builder_version=&#8221;4.27.4&#8243; _module_preset=&#8221;6403430a-6153-4413-b324-8f561a6aa7ba&#8221; header_font=&#8221;babi lexi||||||||&#8221; header_text_align=&#8221;left&#8221; header_text_color=&#8221;#57BDEB&#8221; header_font_size=&#8221;80px&#8221; header_letter_spacing=&#8221;5px&#8221; header_line_height=&#8221;0.8em&#8221; custom_margin=&#8221;||10px||false|false&#8221; animation_style=&#8221;fade&#8221; header_font_size_tablet=&#8221;80px&#8221; header_font_size_phone=&#8221;45px&#8221; header_font_size_last_edited=&#8221;on|phone&#8221; global_colors_info=&#8221;{}&#8221;]<\/p>\n<h1>HOW TO ADOPT A DOG?<\/h1>\n<p>[\/et_pb_text][et_pb_text _builder_version=&#8221;4.27.4&#8243; _module_preset=&#8221;default&#8221; text_font=&#8221;Inria Sans||||||||&#8221; text_font_size=&#8221;16px&#8221; text_line_height=&#8221;1.8em&#8221; global_colors_info=&#8221;{}&#8221;]<\/p>\n<p>Have you decided to adopt one of our residents and give them the home they deserve? We couldn&#8217;t be happier. Here are a few tips about the adoption procedure that you need to be aware of.<\/p>\n<p>[\/et_pb_text][et_pb_button button_text=&#8221;more information&#8221; _builder_version=&#8221;4.27.4&#8243; _module_preset=&#8221;default&#8221; custom_button=&#8221;on&#8221; button_text_size=&#8221;16px&#8221; button_text_color=&#8221;#ffffff&#8221; button_bg_color=&#8221;#57BDEB&#8221; button_border_width=&#8221;0px&#8221; button_border_radius=&#8221;100px&#8221; button_font=&#8221;Inria Sans|||on|||||&#8221; button_use_icon=&#8221;off&#8221; custom_padding=&#8221;16px|24px|16px|24px|true|true&#8221; dsm_modules_popup=&#8221;on&#8221; dsm_modules_popup_library=&#8221;54357&#8243; global_colors_info=&#8221;{}&#8221;][\/et_pb_button][\/et_pb_column][\/et_pb_section][et_pb_section fb_built=&#8221;1&#8243; module_id=&#8221;zenke&#8221; _builder_version=&#8221;4.27.4&#8243; _module_preset=&#8221;default&#8221; custom_margin=&#8221;||0px||false|false&#8221; custom_padding=&#8221;||0px||false|false&#8221; global_colors_info=&#8221;{}&#8221;][et_pb_row _builder_version=&#8221;4.27.4&#8243; _module_preset=&#8221;default&#8221; width=&#8221;90%&#8221; width_tablet=&#8221;90%&#8221; width_phone=&#8221;75%&#8221; width_last_edited=&#8221;on|phone&#8221; max_width=&#8221;1300px&#8221; custom_padding=&#8221;0px||0px||false|false&#8221; global_colors_info=&#8221;{}&#8221;][et_pb_column type=&#8221;4_4&#8243; _builder_version=&#8221;4.27.4&#8243; _module_preset=&#8221;default&#8221; global_colors_info=&#8221;{}&#8221;][et_pb_text _builder_version=&#8221;4.27.4&#8243; _module_preset=&#8221;6403430a-6153-4413-b324-8f561a6aa7ba&#8221; header_font=&#8221;Inria Sans|300|||||||&#8221; header_text_align=&#8221;left&#8221; header_text_color=&#8221;#57BDEB&#8221; header_font_size=&#8221;60px&#8221; header_line_height=&#8221;0.8em&#8221; custom_margin=&#8221;||10px||false|false&#8221; global_colors_info=&#8221;{}&#8221;]<\/p>\n<h1>Females<\/h1>\n<p>[\/et_pb_text][\/et_pb_column][\/et_pb_row][et_pb_row _builder_version=&#8221;4.27.4&#8243; _module_preset=&#8221;default&#8221; width=&#8221;90%&#8221; max_width=&#8221;1300px&#8221; custom_margin=&#8221;0px||0px||false|false&#8221; custom_padding=&#8221;0px||0px||false|false&#8221; global_colors_info=&#8221;{}&#8221;][et_pb_column type=&#8221;4_4&#8243; _builder_version=&#8221;4.27.4&#8243; _module_preset=&#8221;default&#8221; global_colors_info=&#8221;{}&#8221;][et_pb_de_mach_archive_loop post_type_choose=&#8221;zenke&#8221; loop_layout=&#8221;54491&#8243; no_posts_layout=&#8221;54491&#8243; order_asc_desc=&#8221;DESC&#8221; enable_loadmore=&#8221;on&#8221; loadmore_text=&#8221;Prika\u017ei vi\u0161e&#8221; loadmore_text_loading=&#8221;O\u010ditavanje&#8221; equal_height=&#8221;on&#8221; align_last_bottom=&#8221;on&#8221; columns=&#8221;3&#8243; custom_gutter_width=&#8221;on&#8221; gutter_row_gap=&#8221;0px&#8221; gutter_row_column=&#8221;5px&#8221; loop_template_post_content_margin_padding=&#8221;|0px||0px|false|false&#8221; _builder_version=&#8221;4.27.4&#8243; _module_preset=&#8221;default&#8221; title_font=&#8221;Inria Sans||||||||&#8221; title_font_size=&#8221;22px&#8221; title_letter_spacing=&#8221;1px&#8221; excerpt_font_size=&#8221;12px&#8221; loop_template_meta_font=&#8221;Inria Sans||||||||&#8221; loop_template_meta_font_size=&#8221;12px&#8221; loop_template_meta_a_font_size=&#8221;12px&#8221; loop_template_a_font_size=&#8221;12px&#8221; custom_button=&#8221;on&#8221; button_text_size=&#8221;16px&#8221; custom_loop_template_button=&#8221;on&#8221; loop_template_button_text_size=&#8221;16px&#8221; loop_template_button_text_color=&#8221;#ffffff&#8221; loop_template_button_bg_color=&#8221;#57BDEB&#8221; loop_template_button_border_width=&#8221;0px&#8221; loop_template_button_border_radius=&#8221;10px&#8221; loop_template_button_font=&#8221;Inria Sans||||||||&#8221; loop_template_button_use_icon=&#8221;off&#8221; loop_template_button_custom_padding=&#8221;10px|15px|10px|15px|true|true&#8221; custom_margin=&#8221;0px|0px||0px|false|true&#8221; custom_padding=&#8221;0px|0px||0px|false|true&#8221; border_radii=&#8221;on|10px|10px|10px|10px&#8221; global_colors_info=&#8221;{}&#8221;][\/et_pb_de_mach_archive_loop][et_pb_post_nav in_same_term=&#8221;on&#8221; _builder_version=&#8221;4.27.4&#8243; _module_preset=&#8221;default&#8221; global_colors_info=&#8221;{}&#8221;][\/et_pb_post_nav][\/et_pb_column][\/et_pb_row][\/et_pb_section][et_pb_section fb_built=&#8221;1&#8243; module_id=&#8221;muzjaci&#8221; _builder_version=&#8221;4.27.4&#8243; _module_preset=&#8221;default&#8221; background_enable_color=&#8221;off&#8221; custom_margin=&#8221;0px||0px||false|false&#8221; custom_padding=&#8221;0px||0px||false|false&#8221; global_colors_info=&#8221;{}&#8221;][et_pb_row _builder_version=&#8221;4.27.4&#8243; _module_preset=&#8221;default&#8221; width=&#8221;90%&#8221; width_tablet=&#8221;90%&#8221; width_phone=&#8221;75%&#8221; width_last_edited=&#8221;on|phone&#8221; max_width=&#8221;1300px&#8221; custom_padding=&#8221;0px||0px||false|false&#8221; global_colors_info=&#8221;{}&#8221;][et_pb_column type=&#8221;4_4&#8243; _builder_version=&#8221;4.27.4&#8243; _module_preset=&#8221;default&#8221; global_colors_info=&#8221;{}&#8221;][et_pb_text _builder_version=&#8221;4.27.4&#8243; _module_preset=&#8221;6403430a-6153-4413-b324-8f561a6aa7ba&#8221; header_font=&#8221;Inria Sans|300|||||||&#8221; header_text_align=&#8221;left&#8221; header_text_color=&#8221;#57BDEB&#8221; header_font_size=&#8221;60px&#8221; header_line_height=&#8221;0.8em&#8221; custom_margin=&#8221;||10px||false|false&#8221; global_colors_info=&#8221;{}&#8221;]<\/p>\n<h1>Males<\/h1>\n<p>[\/et_pb_text][\/et_pb_column][\/et_pb_row][et_pb_row _builder_version=&#8221;4.27.4&#8243; _module_preset=&#8221;default&#8221; width=&#8221;90%&#8221; width_tablet=&#8221;90%&#8221; width_phone=&#8221;&#8221; width_last_edited=&#8221;on|phone&#8221; max_width=&#8221;1300px&#8221; custom_margin=&#8221;0px||||false|false&#8221; custom_padding=&#8221;0px||||false|false&#8221; global_colors_info=&#8221;{}&#8221;][et_pb_column type=&#8221;4_4&#8243; _builder_version=&#8221;4.27.4&#8243; _module_preset=&#8221;default&#8221; global_colors_info=&#8221;{}&#8221;][et_pb_de_mach_archive_loop post_type_choose=&#8221;muzjaci&#8221; loop_layout=&#8221;54491&#8243; animation_color=&#8221;#57BDEB&#8221; loading_bg_color=&#8221;#57BDEB&#8221; no_posts_layout=&#8221;54491&#8243; order_asc_desc=&#8221;DESC&#8221; enable_loadmore=&#8221;on&#8221; loadmore_text=&#8221;Prika\u017ei vi\u0161e&#8221; loadmore_text_loading=&#8221;O\u010ditavanje&#8221; equal_height=&#8221;on&#8221; align_last_bottom=&#8221;on&#8221; columns=&#8221;3&#8243; custom_gutter_width=&#8221;on&#8221; gutter_row_gap=&#8221;0px&#8221; gutter_row_column=&#8221;5px&#8221; loop_template_post_content_margin_padding=&#8221;|0px||0px|false|false&#8221; _builder_version=&#8221;4.27.4&#8243; _module_preset=&#8221;default&#8221; title_font=&#8221;Inria Sans||||||||&#8221; title_font_size=&#8221;22px&#8221; title_letter_spacing=&#8221;1px&#8221; excerpt_font_size=&#8221;12px&#8221; loop_template_meta_font=&#8221;Inria Sans||||||||&#8221; loop_template_meta_font_size=&#8221;12px&#8221; loop_template_meta_a_font_size=&#8221;12px&#8221; loop_template_a_font_size=&#8221;12px&#8221; custom_button=&#8221;on&#8221; button_text_size=&#8221;16px&#8221; custom_loop_template_button=&#8221;on&#8221; loop_template_button_text_size=&#8221;16px&#8221; loop_template_button_text_color=&#8221;#ffffff&#8221; loop_template_button_bg_color=&#8221;#57BDEB&#8221; loop_template_button_border_width=&#8221;0px&#8221; loop_template_button_border_radius=&#8221;10px&#8221; loop_template_button_font=&#8221;Inria Sans||||||||&#8221; loop_template_button_use_icon=&#8221;off&#8221; loop_template_button_custom_padding=&#8221;10px|15px|10px|15px|true|true&#8221; custom_margin=&#8221;0px|0px||0px|false|true&#8221; custom_padding=&#8221;0px|0px||0px|false|true&#8221; border_radii=&#8221;on|10px|10px|10px|10px&#8221; global_colors_info=&#8221;{}&#8221;][\/et_pb_de_mach_archive_loop][\/et_pb_column][\/et_pb_row][\/et_pb_section][et_pb_section fb_built=&#8221;1&#8243; module_id=&#8221;stenci&#8221; _builder_version=&#8221;4.27.4&#8243; _module_preset=&#8221;default&#8221; background_enable_color=&#8221;off&#8221; global_colors_info=&#8221;{}&#8221;][et_pb_row _builder_version=&#8221;4.27.4&#8243; _module_preset=&#8221;default&#8221; width=&#8221;90%&#8221; width_tablet=&#8221;90%&#8221; width_phone=&#8221;75%&#8221; width_last_edited=&#8221;on|phone&#8221; max_width=&#8221;1300px&#8221; custom_padding=&#8221;0px||0px||false|false&#8221; global_colors_info=&#8221;{}&#8221;][et_pb_column type=&#8221;4_4&#8243; _builder_version=&#8221;4.27.4&#8243; _module_preset=&#8221;default&#8221; global_colors_info=&#8221;{}&#8221;][et_pb_text _builder_version=&#8221;4.27.4&#8243; _module_preset=&#8221;6403430a-6153-4413-b324-8f561a6aa7ba&#8221; header_font=&#8221;Inria Sans|300|||||||&#8221; header_text_align=&#8221;left&#8221; header_text_color=&#8221;#57BDEB&#8221; header_font_size=&#8221;60px&#8221; header_line_height=&#8221;0.8em&#8221; custom_margin=&#8221;||10px||false|false&#8221; global_colors_info=&#8221;{}&#8221;]<\/p>\n<h1>Puppies<\/h1>\n<p>[\/et_pb_text][\/et_pb_column][\/et_pb_row][et_pb_row _builder_version=&#8221;4.27.4&#8243; _module_preset=&#8221;default&#8221; width=&#8221;90%&#8221; max_width=&#8221;1300px&#8221; custom_margin=&#8221;0px||0px||true|false&#8221; custom_padding=&#8221;0px||0px||true|false&#8221; global_colors_info=&#8221;{}&#8221;][et_pb_column type=&#8221;4_4&#8243; _builder_version=&#8221;4.27.4&#8243; _module_preset=&#8221;default&#8221; global_colors_info=&#8221;{}&#8221;][et_pb_text disabled_on=&#8221;on|on|on&#8221; _builder_version=&#8221;4.27.4&#8243; _module_preset=&#8221;default&#8221; disabled=&#8221;on&#8221; global_colors_info=&#8221;{}&#8221;]<\/p>\n<p>We currently have no puppies available for adoption.<\/p>\n<p>[\/et_pb_text][et_pb_de_mach_archive_loop post_type_choose=&#8221;stenci&#8221; loop_layout=&#8221;54491&#8243; animation_color=&#8221;#57BDEB&#8221; loading_bg_color=&#8221;#57BDEB&#8221; no_posts_layout=&#8221;54491&#8243; order_asc_desc=&#8221;DESC&#8221; enable_loadmore=&#8221;on&#8221; loadmore_text=&#8221;Prika\u017ei vi\u0161e&#8221; loadmore_text_loading=&#8221;O\u010ditavanje&#8221; equal_height=&#8221;on&#8221; align_last_bottom=&#8221;on&#8221; columns=&#8221;3&#8243; custom_gutter_width=&#8221;on&#8221; gutter_row_gap=&#8221;0px&#8221; gutter_row_column=&#8221;5px&#8221; loop_template_post_content_margin_padding=&#8221;|0px||0px|false|false&#8221; disabled_on=&#8221;off|off|off&#8221; _builder_version=&#8221;4.27.4&#8243; _module_preset=&#8221;default&#8221; title_font=&#8221;Inria Sans||||||||&#8221; title_font_size=&#8221;22px&#8221; title_letter_spacing=&#8221;1px&#8221; excerpt_font_size=&#8221;12px&#8221; loop_template_meta_font=&#8221;Inria Sans||||||||&#8221; loop_template_meta_font_size=&#8221;12px&#8221; loop_template_meta_a_font_size=&#8221;12px&#8221; loop_template_a_font_size=&#8221;12px&#8221; custom_button=&#8221;on&#8221; button_text_size=&#8221;16px&#8221; custom_loop_template_button=&#8221;on&#8221; loop_template_button_text_size=&#8221;16px&#8221; loop_template_button_text_color=&#8221;#ffffff&#8221; loop_template_button_bg_color=&#8221;#57BDEB&#8221; loop_template_button_border_width=&#8221;0px&#8221; loop_template_button_border_radius=&#8221;10px&#8221; loop_template_button_font=&#8221;Inria Sans||||||||&#8221; loop_template_button_use_icon=&#8221;off&#8221; loop_template_button_custom_padding=&#8221;10px|15px|10px|15px|true|true&#8221; custom_margin=&#8221;0px|0px||0px|false|true&#8221; custom_padding=&#8221;0px|0px||0px|false|true&#8221; border_radii=&#8221;on|10px|10px|10px|10px&#8221; global_colors_info=&#8221;{}&#8221;][\/et_pb_de_mach_archive_loop][\/et_pb_column][\/et_pb_row][\/et_pb_section][et_pb_section fb_built=&#8221;1&#8243; module_id=&#8221;stariiji_psi&#8221; _builder_version=&#8221;4.27.4&#8243; _module_preset=&#8221;default&#8221; background_enable_color=&#8221;off&#8221; global_colors_info=&#8221;{}&#8221;][et_pb_row _builder_version=&#8221;4.27.4&#8243; _module_preset=&#8221;default&#8221; width=&#8221;90%&#8221; width_tablet=&#8221;90%&#8221; width_phone=&#8221;75%&#8221; width_last_edited=&#8221;on|phone&#8221; max_width=&#8221;1300px&#8221; custom_padding=&#8221;0px||0px||false|false&#8221; global_colors_info=&#8221;{}&#8221;][et_pb_column type=&#8221;4_4&#8243; _builder_version=&#8221;4.27.4&#8243; _module_preset=&#8221;default&#8221; global_colors_info=&#8221;{}&#8221;][et_pb_text _builder_version=&#8221;4.27.4&#8243; _module_preset=&#8221;6403430a-6153-4413-b324-8f561a6aa7ba&#8221; header_font=&#8221;Inria Sans|300|||||||&#8221; header_text_align=&#8221;left&#8221; header_text_color=&#8221;#57BDEB&#8221; header_font_size=&#8221;60px&#8221; header_line_height=&#8221;0.8em&#8221; custom_margin=&#8221;||10px||false|false&#8221; global_colors_info=&#8221;{}&#8221;]<\/p>\n<h1>Older dogs<\/h1>\n<p>[\/et_pb_text][\/et_pb_column][\/et_pb_row][et_pb_row _builder_version=&#8221;4.27.4&#8243; _module_preset=&#8221;default&#8221; width=&#8221;90%&#8221; max_width=&#8221;1300px&#8221; custom_margin=&#8221;0px||0px||true|false&#8221; custom_padding=&#8221;0px||0px||true|false&#8221; global_colors_info=&#8221;{}&#8221;][et_pb_column type=&#8221;4_4&#8243; _builder_version=&#8221;4.27.4&#8243; _module_preset=&#8221;default&#8221; global_colors_info=&#8221;{}&#8221;][et_pb_text disabled_on=&#8221;on|on|on&#8221; _builder_version=&#8221;4.27.4&#8243; _module_preset=&#8221;default&#8221; disabled=&#8221;on&#8221; global_colors_info=&#8221;{}&#8221;]<\/p>\n<p>We currently have no older dogs available for adoption.<\/p>\n<p>[\/et_pb_text][et_pb_de_mach_archive_loop post_type_choose=&#8221;stariji_psi&#8221; loop_layout=&#8221;54491&#8243; animation_color=&#8221;#57BDEB&#8221; loading_bg_color=&#8221;#57BDEB&#8221; no_posts_layout=&#8221;54491&#8243; order_asc_desc=&#8221;DESC&#8221; enable_loadmore=&#8221;on&#8221; loadmore_text=&#8221;Prika\u017ei vi\u0161e&#8221; loadmore_text_loading=&#8221;O\u010ditavanje&#8221; equal_height=&#8221;on&#8221; align_last_bottom=&#8221;on&#8221; columns=&#8221;3&#8243; custom_gutter_width=&#8221;on&#8221; gutter_row_gap=&#8221;0px&#8221; gutter_row_column=&#8221;5px&#8221; loop_template_post_content_margin_padding=&#8221;|0px||0px|false|false&#8221; _builder_version=&#8221;4.27.4&#8243; _module_preset=&#8221;default&#8221; title_font=&#8221;Inria Sans||||||||&#8221; title_font_size=&#8221;22px&#8221; title_letter_spacing=&#8221;1px&#8221; excerpt_font_size=&#8221;12px&#8221; loop_template_meta_font=&#8221;Inria Sans||||||||&#8221; loop_template_meta_font_size=&#8221;12px&#8221; loop_template_meta_a_font_size=&#8221;12px&#8221; loop_template_a_font_size=&#8221;12px&#8221; custom_button=&#8221;on&#8221; button_text_size=&#8221;16px&#8221; custom_loop_template_button=&#8221;on&#8221; loop_template_button_text_size=&#8221;16px&#8221; loop_template_button_text_color=&#8221;#ffffff&#8221; loop_template_button_bg_color=&#8221;#57BDEB&#8221; loop_template_button_border_width=&#8221;0px&#8221; loop_template_button_border_radius=&#8221;10px&#8221; loop_template_button_font=&#8221;Inria Sans||||||||&#8221; loop_template_button_use_icon=&#8221;off&#8221; loop_template_button_custom_padding=&#8221;10px|15px|10px|15px|true|true&#8221; custom_margin=&#8221;0px|0px||0px|false|true&#8221; custom_padding=&#8221;0px|0px||0px|false|true&#8221; border_radii=&#8221;on|10px|10px|10px|10px&#8221; global_colors_info=&#8221;{}&#8221;][\/et_pb_de_mach_archive_loop][\/et_pb_column][\/et_pb_row][\/et_pb_section]<\/p>\n","protected":false},"excerpt":{"rendered":"<p>FemalesMalesPuppiesOlder dogsAdoptThank you for your interest in adopting a dog from Snoopy!Give them a chance and see first-hand how much gratitude, love and affection youwill find in adopted dog.HOW TO ADOPT A DOG?Have you decided to adopt one of our residents and give them the home they deserve? We couldn&#8217;t be happier. Here are a few tips about the adoption procedure that you need to be aware of.FemalesMalesPuppiesWe currently have no puppies available for adoption.Older dogsWe currently have no older dogs available for adoption.<\/p>\n","protected":false},"author":1,"featured_media":0,"parent":0,"menu_order":0,"comment_status":"closed","ping_status":"closed","template":"","meta":{"_acf_changed":false,"_et_pb_use_builder":"on","_et_pb_old_content":"","_et_gb_content_width":"","inline_featured_image":false,"footnotes":""},"class_list":["post-55684","page","type-page","status-publish","hentry"],"acf":[],"_links":{"self":[{"href":"https:\/\/snoopy.hr\/en\/wp-json\/wp\/v2\/pages\/55684","targetHints":{"allow":["GET"]}}],"collection":[{"href":"https:\/\/snoopy.hr\/en\/wp-json\/wp\/v2\/pages"}],"about":[{"href":"https:\/\/snoopy.hr\/en\/wp-json\/wp\/v2\/types\/page"}],"author":[{"embeddable":true,"href":"https:\/\/snoopy.hr\/en\/wp-json\/wp\/v2\/users\/1"}],"replies":[{"embeddable":true,"href":"https:\/\/snoopy.hr\/en\/wp-json\/wp\/v2\/comments?post=55684"}],"version-history":[{"count":45,"href":"https:\/\/snoopy.hr\/en\/wp-json\/wp\/v2\/pages\/55684\/revisions"}],"predecessor-version":[{"id":57129,"href":"https:\/\/snoopy.hr\/en\/wp-json\/wp\/v2\/pages\/55684\/revisions\/57129"}],"wp:attachment":[{"href":"https:\/\/snoopy.hr\/en\/wp-json\/wp\/v2\/media?parent=55684"}],"curies":[{"name":"wp","href":"https:\/\/api.w.org\/{rel}","templated":true}]}}