{"id":55693,"date":"2025-05-20T21:09:55","date_gmt":"2025-05-20T21:09:55","guid":{"rendered":"https:\/\/snoopy.hr\/freiwilliger\/"},"modified":"2025-08-15T12:03:25","modified_gmt":"2025-08-15T12:03:25","slug":"freiwilliger","status":"publish","type":"page","link":"https:\/\/snoopy.hr\/de\/freiwilliger\/","title":{"rendered":"Freiwillige"},"content":{"rendered":"<p>[et_pb_section fb_built=&#8221;1&#8243; _builder_version=&#8221;4.27.4&#8243; _module_preset=&#8221;default&#8221; global_colors_info=&#8221;{}&#8221;][et_pb_row column_structure=&#8221;1_2,1_2&#8243; use_custom_gutter=&#8221;on&#8221; gutter_width=&#8221;4&#8243; make_equal=&#8221;on&#8221; _builder_version=&#8221;4.27.4&#8243; _module_preset=&#8221;default&#8221; width=&#8221;90%&#8221; max_width=&#8221;1300px&#8221; animation_style=&#8221;fade&#8221; custom_css_main_element=&#8221;align-items: center;&#8221; global_colors_info=&#8221;{}&#8221;][et_pb_column type=&#8221;1_2&#8243; _builder_version=&#8221;4.27.4&#8243; _module_preset=&#8221;default&#8221; global_colors_info=&#8221;{}&#8221;][et_pb_text _builder_version=&#8221;4.27.4&#8243; _module_preset=&#8221;default&#8221; header_text_align=&#8221;left&#8221; header_text_color=&#8221;#57BDEB&#8221; header_font_size=&#8221;80px&#8221; custom_margin=&#8221;||0px||false|false&#8221; custom_padding=&#8221;||0px||false|false&#8221; global_colors_info=&#8221;{}&#8221;]<\/p>\n<h1>Freiwillige<\/h1>\n<p>[\/et_pb_text][et_pb_text _builder_version=&#8221;4.27.4&#8243; _module_preset=&#8221;default&#8221; text_font=&#8221;Inria Sans||||||||&#8221; text_font_size=&#8221;16px&#8221; text_line_height=&#8221;1.8em&#8221; header_font=&#8221;Inria Sans|300|||||||&#8221; max_width=&#8221;90%&#8221; custom_margin=&#8221;||20px||false|false&#8221; custom_padding=&#8221;||0px||false|false&#8221; global_colors_info=&#8221;{}&#8221;]<\/p>\n<h1><i><span style=\"font-weight: 400;\">\u201eWerde Teil der Geschichte, werde Teil der Ver\u00e4nderung!\u201c<\/span><\/i><\/h1>\n<p>[\/et_pb_text][et_pb_text _builder_version=&#8221;4.27.4&#8243; _module_preset=&#8221;default&#8221; text_font=&#8221;Inria Sans||||||||&#8221; text_font_size=&#8221;16px&#8221; text_line_height=&#8221;1.8em&#8221; header_font=&#8221;Inria Sans|300|||||||&#8221; max_width=&#8221;90%&#8221; custom_margin=&#8221;||20px||false|false&#8221; custom_padding=&#8221;||0px||false|false&#8221; global_colors_info=&#8221;{}&#8221;]<\/p>\n<p><span style=\"font-weight: 400;\">Freiwilligenarbeit bei Snoopy bedeutet nicht nur, Tieren zu helfen \u2013 sie bietet dir die M\u00f6glichkeit, dich pers\u00f6nlich weiterzuentwickeln, neue Freundschaften zu schlie\u00dfen und einen erf\u00fcllten Tag zu verbringen. Wenn du Tiere liebst und Gutes tun m\u00f6chtest, werde Teil unseres Teams! <\/span><\/p>\n<p>[\/et_pb_text][\/et_pb_column][et_pb_column type=&#8221;1_2&#8243; _builder_version=&#8221;4.27.4&#8243; _module_preset=&#8221;default&#8221; global_colors_info=&#8221;{}&#8221;][et_pb_image src=&#8221;https:\/\/snoopy.hr\/wp-content\/uploads\/2025\/07\/volontiraj.jpg&#8221; title_text=&#8221;Freiwillige&#8221; _builder_version=&#8221;4.27.4&#8243; _module_preset=&#8221;default&#8221; hover_enabled=&#8221;0&#8243; border_radii=&#8221;on|10px|10px|10px|10px&#8221; global_colors_info=&#8221;{}&#8221; force_fullwidth=&#8221;on&#8221; sticky_enabled=&#8221;0&#8243;][\/et_pb_image][\/et_pb_column][\/et_pb_row][\/et_pb_section][et_pb_section fb_built=&#8221;1&#8243; _builder_version=&#8221;4.27.4&#8243; _module_preset=&#8221;default&#8221; background_enable_pattern_style=&#8221;on&#8221; background_pattern_color=&#8221;rgba(0,0,0,0.02)&#8221; global_colors_info=&#8221;{}&#8221;][et_pb_row _builder_version=&#8221;4.27.4&#8243; _module_preset=&#8221;default&#8221; width=&#8221;90%&#8221; max_width=&#8221;1300px&#8221; global_colors_info=&#8221;{}&#8221;][et_pb_column type=&#8221;4_4&#8243; _builder_version=&#8221;4.27.4&#8243; _module_preset=&#8221;default&#8221; global_colors_info=&#8221;{}&#8221;][et_pb_text _builder_version=&#8221;4.27.4&#8243; _module_preset=&#8221;default&#8221; text_font=&#8221;Inria Sans||||||||&#8221; text_font_size=&#8221;16px&#8221; header_3_font=&#8221;Inria Sans||||||||&#8221; header_3_text_color=&#8221;#57BDEB&#8221; global_colors_info=&#8221;{}&#8221;]<\/p>\n<h3 data-start=\"106\" data-end=\"150\"><strong data-start=\"106\" data-end=\"150\">Wie k\u00f6nnen Sie sich ehrenamtlich bei der Snoopy Association engagieren?<\/strong><\/h3>\n<p><\/p>\n<p data-start=\"152\" data-end=\"315\">Als Freiwilliger bei der Snoopy Association werden Sie Teil einer Familie, die t\u00e4glich ausgesetzten und gef\u00e4hrdeten Tieren hilft. Hier sind einige M\u00f6glichkeiten, wie Sie sich engagieren k\u00f6nnen: <\/p>\n<p>[\/et_pb_text][\/et_pb_column][\/et_pb_row][et_pb_row column_structure=&#8221;1_3,1_3,1_3&#8243; _builder_version=&#8221;4.27.4&#8243; _module_preset=&#8221;default&#8221; width=&#8221;90%&#8221; max_width=&#8221;1300px&#8221; global_colors_info=&#8221;{}&#8221;][et_pb_column type=&#8221;1_3&#8243; _builder_version=&#8221;4.27.4&#8243; _module_preset=&#8221;default&#8221; animation_style=&#8221;fade&#8221; global_colors_info=&#8221;{}&#8221;][et_pb_text _builder_version=&#8221;4.27.4&#8243; _module_preset=&#8221;default&#8221; text_font=&#8221;Inria Sans||||||||&#8221; text_font_size=&#8221;16px&#8221; header_4_font=&#8221;Inria Sans||||||||&#8221; header_4_line_height=&#8221;1.3em&#8221; global_colors_info=&#8221;{}&#8221;]<\/p>\n<h4 data-start=\"82\" data-end=\"162\"><strong data-start=\"319\" data-end=\"347\">Pflege und Umgang mit Hunden<\/strong><br data-start=\"347\" data-end=\"350\"> Das Spazierengehen, Spielen und Sozialisieren von Hunden in Tierheimen oder \u00dcbergangsunterk\u00fcnften ist eine unsch\u00e4tzbare Hilfe, die ihr Vertrauen in die Menschen wiederherstellt und sie auf ein neues Zuhause vorbereitet.<\/h4>\n<p>[\/et_pb_text][\/et_pb_column][et_pb_column type=&#8221;1_3&#8243; _builder_version=&#8221;4.27.4&#8243; _module_preset=&#8221;default&#8221; animation_style=&#8221;fade&#8221; animation_delay=&#8221;300ms&#8221; global_colors_info=&#8221;{}&#8221;][et_pb_text _builder_version=&#8221;4.27.4&#8243; _module_preset=&#8221;default&#8221; text_font=&#8221;Inria Sans||||||||&#8221; text_font_size=&#8221;16px&#8221; header_4_font=&#8221;Inria Sans||||||||&#8221; header_4_line_height=&#8221;1.3em&#8221; global_colors_info=&#8221;{}&#8221;]<\/p>\n<h4 data-start=\"868\" data-end=\"936\"><strong data-start=\"512\" data-end=\"533\">Hilfe im Tierheim<\/strong><br data-start=\"533\" data-end=\"536\"> Mitwirkung bei der Sauberkeit, F\u00fctterung und Grundpflege der Hunde.<\/h4>\n<p>[\/et_pb_text][\/et_pb_column][et_pb_column type=&#8221;1_3&#8243; _builder_version=&#8221;4.27.4&#8243; _module_preset=&#8221;default&#8221; animation_style=&#8221;fade&#8221; animation_delay=&#8221;300ms&#8221; global_colors_info=&#8221;{}&#8221;][et_pb_text _builder_version=&#8221;4.27.4&#8243; _module_preset=&#8221;default&#8221; text_font=&#8221;Inria Sans||||||||&#8221; text_font_size=&#8221;16px&#8221; header_4_font=&#8221;Inria Sans||||||||&#8221; header_4_line_height=&#8221;1.3em&#8221; global_colors_info=&#8221;{}&#8221;]<\/p>\n<h4 data-start=\"868\" data-end=\"936\"><strong data-start=\"609\" data-end=\"638\">Feldarbeit und Rettung<\/strong><br data-start=\"638\" data-end=\"641\"> Auf Berichte \u00fcber verlassene, verletzte oder gef\u00e4hrdete Tiere reagieren, vor Ort Erste Hilfe leisten und den Transport zur tier\u00e4rztlichen Versorgung oder in ein Tierheim organisieren.<\/h4>\n<p>[\/et_pb_text][\/et_pb_column][\/et_pb_row][et_pb_row column_structure=&#8221;1_3,1_3,1_3&#8243; _builder_version=&#8221;4.27.4&#8243; _module_preset=&#8221;default&#8221; width=&#8221;90%&#8221; max_width=&#8221;1300px&#8221; global_colors_info=&#8221;{}&#8221;][et_pb_column type=&#8221;1_3&#8243; _builder_version=&#8221;4.27.4&#8243; _module_preset=&#8221;default&#8221; animation_style=&#8221;fade&#8221; global_colors_info=&#8221;{}&#8221;][et_pb_text _builder_version=&#8221;4.27.4&#8243; _module_preset=&#8221;default&#8221; text_font=&#8221;Inria Sans||||||||&#8221; text_font_size=&#8221;16px&#8221; header_4_font=&#8221;Inria Sans||||||||&#8221; header_4_line_height=&#8221;1.3em&#8221; global_colors_info=&#8221;{}&#8221;]<\/p>\n<h4 data-start=\"82\" data-end=\"162\"><strong data-start=\"823\" data-end=\"878\">Organisation und Teilnahme an humanit\u00e4ren Aktionen<\/strong><br data-start=\"878\" data-end=\"881\"> Unterst\u00fctzung bei der Organisation von Veranstaltungen, Spendenaktionen, Bildungsworkshops und Werbekampagnen.<\/h4>\n<p>[\/et_pb_text][\/et_pb_column][et_pb_column type=&#8221;1_3&#8243; _builder_version=&#8221;4.27.4&#8243; _module_preset=&#8221;default&#8221; animation_style=&#8221;fade&#8221; animation_delay=&#8221;300ms&#8221; global_colors_info=&#8221;{}&#8221;][et_pb_text _builder_version=&#8221;4.27.4&#8243; _module_preset=&#8221;default&#8221; text_font=&#8221;Inria Sans||||||||&#8221; text_font_size=&#8221;16px&#8221; header_4_font=&#8221;Inria Sans||||||||&#8221; header_4_line_height=&#8221;1.3em&#8221; global_colors_info=&#8221;{}&#8221;]<\/p>\n<h4 data-start=\"868\" data-end=\"936\"><strong data-start=\"996\" data-end=\"1024\">Werbung und Kommunikation<\/strong><br data-start=\"1024\" data-end=\"1027\"> Fotografieren, Social-Media-Verwaltung, Erstellen von Inhalten f\u00fcr das Internet und die Medien, damit wir gemeinsam die Bedeutung der Adoption und des Tierschutzes bekannt machen k\u00f6nnen.<\/h4>\n<p>[\/et_pb_text][\/et_pb_column][et_pb_column type=&#8221;1_3&#8243; _builder_version=&#8221;4.27.4&#8243; _module_preset=&#8221;default&#8221; animation_style=&#8221;fade&#8221; animation_delay=&#8221;300ms&#8221; global_colors_info=&#8221;{}&#8221;][et_pb_text _builder_version=&#8221;4.27.4&#8243; _module_preset=&#8221;default&#8221; text_font=&#8221;Inria Sans||||||||&#8221; text_font_size=&#8221;16px&#8221; header_4_font=&#8221;Inria Sans||||||||&#8221; header_4_line_height=&#8221;1.3em&#8221; global_colors_info=&#8221;{}&#8221;]<\/p>\n<h4 data-start=\"868\" data-end=\"936\"><strong data-start=\"1182\" data-end=\"1214\">Vor\u00fcbergehende Unterbringung (Pflege)<\/strong><br data-start=\"1214\" data-end=\"1217\"> Bieten Sie einem Tier ein vor\u00fcbergehendes Zuhause, bis es ein endg\u00fcltiges Zuhause gefunden hat \u2013 eine gro\u00dfe Hilfe, die eine bessere Sozialisierung und Genesung erm\u00f6glicht.<\/h4>\n<p>[\/et_pb_text][\/et_pb_column][\/et_pb_row][\/et_pb_section][et_pb_section fb_built=&#8221;1&#8243; _builder_version=&#8221;4.27.4&#8243; _module_preset=&#8221;default&#8221; background_color=&#8221;#57BDEB&#8221; global_colors_info=&#8221;{}&#8221;][et_pb_row column_structure=&#8221;1_2,1_2&#8243; make_equal=&#8221;on&#8221; _builder_version=&#8221;4.27.4&#8243; _module_preset=&#8221;default&#8221; width=&#8221;90%&#8221; max_width=&#8221;1300px&#8221; animation_style=&#8221;zoom&#8221; animation_delay=&#8221;200ms&#8221; animation_intensity_zoom=&#8221;13%&#8221; custom_css_main_element=&#8221;align-items: center;&#8221; global_colors_info=&#8221;{}&#8221;][et_pb_column type=&#8221;1_2&#8243; _builder_version=&#8221;4.27.4&#8243; _module_preset=&#8221;default&#8221; global_colors_info=&#8221;{}&#8221;][et_pb_text _builder_version=&#8221;4.27.4&#8243; _module_preset=&#8221;default&#8221; text_font=&#8221;Inria Sans||||||||&#8221; text_text_color=&#8221;#ffffff&#8221; text_font_size=&#8221;16px&#8221; text_line_height=&#8221;1.8em&#8221; header_3_font=&#8221;Inria Sans||||||||&#8221; header_3_text_color=&#8221;#ffffff&#8221; header_3_font_size=&#8221;20px&#8221; header_3_line_height=&#8221;1.5em&#8221; global_colors_info=&#8221;{}&#8221;]<\/p>\n<h3><span style=\"font-weight: 400;\">Sie sind t\u00e4glich zwischen 9 und 14 Uhr herzlich willkommen.<\/span><span style=\"font-weight: 400;\"><br \/><\/span> <span style=\"font-weight: 400;\">(einschlie\u00dflich Wochenenden und Feiertage).<\/span><\/h3>\n<p><\/p>\n<p><span style=\"font-weight: 400;\">Neben gelegentlicher und optionaler Freiwilligenarbeit bieten wir Ihnen die M\u00f6glichkeit, sich f\u00fcr einen bestimmten Zeitraum unserer kleinen Familie anzuschlie\u00dfen und Ihnen im Austausch f\u00fcr ein paar Stunden Freiwilligenarbeit pro Tag Unterkunft und Verpflegung zu bieten.<\/span><span style=\"font-weight: 400;\"><br \/><\/span><span style=\"font-weight: 400;\">Konkret k\u00f6nnen Sie sich \u00fcber die Workaway-Plattform f\u00fcr einen Aufenthalt von mindestens 3 Wochen bewerben, bei dem Sie im Austausch f\u00fcr 5 Arbeitsstunden pro Tag an 5 Tagen pro Woche eine kostenlose Unterkunft in einem unserer Mobilheime und 3 Mahlzeiten pro Tag erhalten.<\/span><\/p>\n<p><\/p>\n<p><span style=\"font-weight: 400;\">Bisher durften wir \u00fcber 200 Freiwillige aus aller Welt beherbergen. Ohne \u00dcbertreibung k\u00f6nnen wir sagen, dass Snoopy ohne ihren Beitrag nicht das w\u00e4re, was es ist. <\/span><span style=\"font-weight: 400;\"><br \/><\/span><span style=\"font-weight: 400;\">Wir sind \u00fcberaus gl\u00fccklich und f\u00fchlen uns geehrt, dass wir die Gelegenheit hatten, so wundervolle Menschen kennenzulernen und freuen uns darauf, neue Leute kennenzulernen.<\/span><span style=\"font-weight: 400;\"><br \/><\/span><span style=\"font-weight: 400;\">Wir glauben, dass wir uns durch diesen Austausch gegenseitig bereichern. Weitere Informationen finden Sie in unserem Workaway-Profil. Bewerben Sie sich noch heute! <\/span><\/p>\n<p><\/p>\n<p><span style=\"text-decoration: underline;\"><span style=\"color: #ffffff;\"><a style=\"color: #ffffff;\" href=\"https:\/\/www.workaway.info\/en\/host\/357584565598\"><span style=\"font-weight: 400;\">https:\/\/www.workaway.info\/en\/host\/357584565598<\/span><\/a><\/span><\/span><\/p>\n<p><\/p>\n<p><span style=\"font-weight: 400;\">Ihre Hilfe ist UNBEZAHLBAR!<\/span><\/p>\n<p><\/p>\n<p>&nbsp;<\/p>\n<p>[\/et_pb_text][\/et_pb_column][et_pb_column type=&#8221;1_2&#8243; _builder_version=&#8221;4.27.4&#8243; _module_preset=&#8221;default&#8221; global_colors_info=&#8221;{}&#8221;][et_pb_image src=&#8221;https:\/\/snoopy.hr\/wp-content\/uploads\/2025\/07\/udruga-snoopy-volontiraj.jpg&#8221; title_text=&#8221;Snoopy Freiwilligenvereinigung&#8221; _builder_version=&#8221;4.27.4&#8243; _module_preset=&#8221;default&#8221; global_colors_info=&#8221;{}&#8221;][\/et_pb_image][\/et_pb_column][\/et_pb_row][\/et_pb_section]<\/p>\n","protected":false},"excerpt":{"rendered":"<p>Freiwillige\u201eWerde Teil der Geschichte, werde Teil der Ver\u00e4nderung!\u201cFreiwilligenarbeit bei Snoopy bedeutet nicht nur, Tieren zu helfen \u2013 sie bietet dir die M\u00f6glichkeit, dich pers\u00f6nlich weiterzuentwickeln, neue Freundschaften zu schlie\u00dfen und einen erf\u00fcllten Tag zu verbringen. Wenn du Tiere liebst und Gutes tun m\u00f6chtest, werde Teil unseres Teams! Wie k\u00f6nnen Sie sich ehrenamtlich bei der Snoopy Association engagieren?Als Freiwilliger bei der Snoopy Association werden Sie Teil einer Familie, die t\u00e4glich ausgesetzten und gef\u00e4hrdeten Tieren hilft. Hier sind einige M\u00f6glichkeiten, wie Sie sich engagieren k\u00f6nnen: Pflege und Umgang mit Hunden Das Spazierengehen, Spielen und Sozialisieren von Hunden in Tierheimen oder \u00dcbergangsunterk\u00fcnften ist eine unsch\u00e4tzbare Hilfe, die ihr Vertrauen in die Menschen wiederherstellt und sie auf ein neues Zuhause vorbereitet.Hilfe im Tierheim Mitwirkung bei der Sauberkeit, F\u00fctterung und Grundpflege der Hunde.Feldarbeit und Rettung Auf Berichte \u00fcber verlassene, verletzte oder gef\u00e4hrdete Tiere reagieren, vor Ort Erste Hilfe leisten und den Transport zur tier\u00e4rztlichen Versorgung oder in ein Tierheim organisieren.Organisation und Teilnahme an humanit\u00e4ren Aktionen Unterst\u00fctzung bei der Organisation von Veranstaltungen, Spendenaktionen, Bildungsworkshops und Werbekampagnen.Werbung und Kommunikation Fotografieren, Social-Media-Verwaltung, Erstellen von Inhalten f\u00fcr das Internet und die Medien, damit wir gemeinsam die Bedeutung der Adoption und des Tierschutzes bekannt machen k\u00f6nnen.Vor\u00fcbergehende Unterbringung (Pflege) Bieten Sie [&hellip;]<\/p>\n","protected":false},"author":1,"featured_media":0,"parent":0,"menu_order":0,"comment_status":"closed","ping_status":"closed","template":"","meta":{"_acf_changed":false,"_et_pb_use_builder":"on","_et_pb_old_content":"","_et_gb_content_width":"","inline_featured_image":false,"footnotes":""},"class_list":["post-55693","page","type-page","status-publish","hentry"],"acf":[],"_links":{"self":[{"href":"https:\/\/snoopy.hr\/de\/wp-json\/wp\/v2\/pages\/55693","targetHints":{"allow":["GET"]}}],"collection":[{"href":"https:\/\/snoopy.hr\/de\/wp-json\/wp\/v2\/pages"}],"about":[{"href":"https:\/\/snoopy.hr\/de\/wp-json\/wp\/v2\/types\/page"}],"author":[{"embeddable":true,"href":"https:\/\/snoopy.hr\/de\/wp-json\/wp\/v2\/users\/1"}],"replies":[{"embeddable":true,"href":"https:\/\/snoopy.hr\/de\/wp-json\/wp\/v2\/comments?post=55693"}],"version-history":[{"count":9,"href":"https:\/\/snoopy.hr\/de\/wp-json\/wp\/v2\/pages\/55693\/revisions"}],"predecessor-version":[{"id":56826,"href":"https:\/\/snoopy.hr\/de\/wp-json\/wp\/v2\/pages\/55693\/revisions\/56826"}],"wp:attachment":[{"href":"https:\/\/snoopy.hr\/de\/wp-json\/wp\/v2\/media?parent=55693"}],"curies":[{"name":"wp","href":"https:\/\/api.w.org\/{rel}","templated":true}]}}