{"id":55681,"date":"2025-05-20T21:10:07","date_gmt":"2025-05-20T21:10:07","guid":{"rendered":"https:\/\/snoopy.hr\/stoppen-sie-den-missbrauch\/"},"modified":"2025-09-18T09:06:07","modified_gmt":"2025-09-18T09:06:07","slug":"stoppen-sie-den-missbrauch","status":"publish","type":"page","link":"https:\/\/snoopy.hr\/de\/stoppen-sie-den-missbrauch\/","title":{"rendered":"Stoppen Sie den Missbrauch."},"content":{"rendered":"<p>[et_pb_section fb_built=&#8221;1&#8243; _builder_version=&#8221;4.27.4&#8243; _module_preset=&#8221;default&#8221; global_colors_info=&#8221;{}&#8221;][et_pb_row column_structure=&#8221;1_2,1_2&#8243; use_custom_gutter=&#8221;on&#8221; make_equal=&#8221;on&#8221; _builder_version=&#8221;4.27.4&#8243; _module_preset=&#8221;default&#8221; width=&#8221;90%&#8221; max_width=&#8221;1300px&#8221; animation_style=&#8221;fade&#8221; custom_css_main_element=&#8221;align-items: center;&#8221; global_colors_info=&#8221;{}&#8221;][et_pb_column type=&#8221;1_2&#8243; _builder_version=&#8221;4.27.4&#8243; _module_preset=&#8221;default&#8221; global_colors_info=&#8221;{}&#8221;][et_pb_text _builder_version=&#8221;4.27.4&#8243; _module_preset=&#8221;default&#8221; header_font=&#8221;Inria Sans|300|||||||&#8221; header_text_align=&#8221;left&#8221; header_text_color=&#8221;#d84e4e&#8221; header_font_size=&#8221;50px&#8221; header_line_height=&#8221;0.9em&#8221; custom_margin=&#8221;||0px||false|false&#8221; custom_padding=&#8221;||0px||false|false&#8221; global_colors_info=&#8221;{}&#8221;]<\/p>\n<h1>Missbrauch melden<\/h1>\n<p>[\/et_pb_text][et_pb_text _builder_version=&#8221;4.27.4&#8243; _module_preset=&#8221;default&#8221; text_font=&#8221;Inria Sans||||||||&#8221; text_font_size=&#8221;16px&#8221; text_line_height=&#8221;1.8em&#8221; header_font=&#8221;Inria Sans|300|||||||&#8221; max_width=&#8221;90%&#8221; custom_margin=&#8221;||20px||false|false&#8221; custom_padding=&#8221;||0px||false|false&#8221; global_colors_info=&#8221;{}&#8221;]<\/p>\n<p>Wenn Sie Zeuge der Aussetzung, Vernachl\u00e4ssigung und\/oder Misshandlung von Tieren geworden sind und nicht wissen, an welche zust\u00e4ndigen Stellen Sie die<br \/>genannten Taten melden sollen und ob sie strafbar sind, kann Ihnen der folgende Text weiterhelfen\u2026<\/p>\n<p>[\/et_pb_text][et_pb_text _builder_version=&#8221;4.27.4&#8243; _module_preset=&#8221;default&#8221; text_font=&#8221;Inria Sans||||||||&#8221; text_font_size=&#8221;16px&#8221; text_line_height=&#8221;1.8em&#8221; header_font=&#8221;Inria Sans|300|||||||&#8221; max_width=&#8221;90%&#8221; custom_margin=&#8221;0px||||false|false&#8221; custom_padding=&#8221;0px||||false|false&#8221; global_colors_info=&#8221;{}&#8221;]<\/p>\n<p><strong>Aussetzen von Tieren<\/strong><br \/> Das Aussetzen eines Tieres ist nach <span style=\"text-decoration: underline; color: #333300;\"><a href=\"https:\/\/www.zakon.hr\/z\/257\/zakon-o-zastiti-zivotinja\" style=\"color: #333300; text-decoration: underline;\">dem Tierschutzgesetz<\/a><\/span> strafbar und muss der zust\u00e4ndigen Veterin\u00e4rbeh\u00f6rde gemeldet werden.<\/p>\n<p>[\/et_pb_text][\/et_pb_column][et_pb_column type=&#8221;1_2&#8243; _builder_version=&#8221;4.27.4&#8243; _module_preset=&#8221;default&#8221; global_colors_info=&#8221;{}&#8221;][et_pb_image src=&#8221;https:\/\/snoopy.hr\/wp-content\/uploads\/2025\/09\/Untitled-1-5.jpg&#8221; title_text=&#8221;Untitled-1 (5)&#8221; _builder_version=&#8221;4.27.4&#8243; _module_preset=&#8221;default&#8221; hover_enabled=&#8221;0&#8243; border_radii=&#8221;on|10px|10px|10px|10px&#8221; global_colors_info=&#8221;{}&#8221; sticky_enabled=&#8221;0&#8243;][\/et_pb_image][\/et_pb_column][\/et_pb_row][\/et_pb_section][et_pb_section fb_built=&#8221;1&#8243; _builder_version=&#8221;4.27.4&#8243; _module_preset=&#8221;default&#8221; background_color=&#8221;#f4f4f4&#8243; global_colors_info=&#8221;{}&#8221;][et_pb_row column_structure=&#8221;1_2,1_2&#8243; make_equal=&#8221;on&#8221; _builder_version=&#8221;4.27.4&#8243; _module_preset=&#8221;default&#8221; width=&#8221;90%&#8221; max_width=&#8221;1300px&#8221; custom_css_main_element=&#8221;align-items: center;&#8221; global_colors_info=&#8221;{}&#8221;][et_pb_column type=&#8221;1_2&#8243; _builder_version=&#8221;4.27.4&#8243; _module_preset=&#8221;default&#8221; global_colors_info=&#8221;{}&#8221;][et_pb_image src=&#8221;https:\/\/snoopy.hr\/wp-content\/uploads\/2025\/09\/IMG-20241205-WA0010.jpg&#8221; title_text=&#8221;IMG-20241205-WA0010&#8243; _builder_version=&#8221;4.27.4&#8243; _module_preset=&#8221;default&#8221; border_radii=&#8221;on|10px|10px|10px|10px&#8221; global_colors_info=&#8221;{}&#8221;][\/et_pb_image][\/et_pb_column][et_pb_column type=&#8221;1_2&#8243; _builder_version=&#8221;4.27.4&#8243; _module_preset=&#8221;default&#8221; global_colors_info=&#8221;{}&#8221;][et_pb_text _builder_version=&#8221;4.27.4&#8243; _module_preset=&#8221;default&#8221; text_font=&#8221;Inria Sans||||||||&#8221; text_font_size=&#8221;16px&#8221; text_line_height=&#8221;1.8em&#8221; header_4_font=&#8221;Inria Sans||||||||&#8221; header_4_line_height=&#8221;1.3em&#8221; global_colors_info=&#8221;{}&#8221;]<\/p>\n<p data-start=\"68\" data-end=\"111\"><strong data-start=\"68\" data-end=\"111\">Vernachl\u00e4ssigung und Misshandlung von Tieren<\/strong><\/p>\n<p><\/p>\n<p data-start=\"113\" data-end=\"310\">Auch Tiervernachl\u00e4ssigung und Tierqu\u00e4lerei fallen in den Zust\u00e4ndigkeitsbereich <strong data-start=\"178\" data-end=\"205\">der Veterin\u00e4rinspektion<\/strong> , der entsprechende Meldungen zugeleitet werden. Dabei handelt es sich um verschiedene Formen von Verst\u00f6\u00dfen <strong data-start=\"272\" data-end=\"302\">gegen das Tierschutzgesetz<\/strong> , wie zum Beispiel: <\/p>\n<p><\/p>\n<ul data-start=\"312\" data-end=\"661\">\n<li data-start=\"312\" data-end=\"349\">\n<p data-start=\"314\" data-end=\"349\">den Hund an einer sehr kurzen Leine halten<\/p>\n<\/li>\n<li data-start=\"350\" data-end=\"399\">\n<p data-start=\"352\" data-end=\"399\">Halten des Tieres in der Sonne ohne Schutz und Wasser<\/p>\n<\/li>\n<li data-start=\"400\" data-end=\"526\">\n<p data-start=\"402\" data-end=\"526\">verschiedene Formen der Vernachl\u00e4ssigung (Vers\u00e4umnis, den Tierarzt aufzusuchen, keine Behandlung von Krankheiten, unregelm\u00e4\u00dfige F\u00fctterung und Wasserversorgung, ungeeignete Unterbringung)<\/p>\n<\/li>\n<li data-start=\"527\" data-end=\"582\">\n<p data-start=\"529\" data-end=\"582\">einen Hund in einer Wohnung halten, ohne ihn regelm\u00e4\u00dfig spazieren zu f\u00fchren<\/p>\n<\/li>\n<li data-start=\"583\" data-end=\"605\">\n<p data-start=\"585\" data-end=\"605\">ein Tier schlagen<\/p>\n<\/li>\n<li data-start=\"606\" data-end=\"628\">\n<p data-start=\"608\" data-end=\"628\">Tiervergiftung<\/p>\n<\/li>\n<li data-start=\"629\" data-end=\"661\">\n<p data-start=\"631\" data-end=\"661\">Tierqu\u00e4lerei<\/p>\n<\/li>\n<\/ul>\n<p>[\/et_pb_text][\/et_pb_column][\/et_pb_row][\/et_pb_section][et_pb_section fb_built=&#8221;1&#8243; _builder_version=&#8221;4.27.4&#8243; _module_preset=&#8221;default&#8221; global_colors_info=&#8221;{}&#8221;][et_pb_row column_structure=&#8221;1_2,1_2&#8243; _builder_version=&#8221;4.27.4&#8243; _module_preset=&#8221;default&#8221; width=&#8221;90%&#8221; max_width=&#8221;1300px&#8221; global_colors_info=&#8221;{}&#8221;][et_pb_column type=&#8221;1_2&#8243; _builder_version=&#8221;4.27.4&#8243; _module_preset=&#8221;default&#8221; global_colors_info=&#8221;{}&#8221;][et_pb_text _builder_version=&#8221;4.27.4&#8243; _module_preset=&#8221;default&#8221; text_font=&#8221;Inria Sans||||||||&#8221; text_font_size=&#8221;16px&#8221; text_line_height=&#8221;1.8em&#8221; header_3_font=&#8221;Inria Sans||||||||&#8221; header_3_font_size=&#8221;18px&#8221; header_4_font=&#8221;Inria Sans||||||||&#8221; header_4_line_height=&#8221;1.3em&#8221; global_colors_info=&#8221;{}&#8221;]<\/p>\n<h3 data-start=\"380\" data-end=\"412\"><strong>\ud83d\udcc4 Die Bewerbung muss enthalten:<\/strong><\/h3>\n<p><\/p>\n<ul data-start=\"414\" data-end=\"821\">\n<li data-start=\"414\" data-end=\"494\">\n<p data-start=\"416\" data-end=\"494\"><strong data-start=\"416\" data-end=\"433\">Beschreibung des Vorfalls<\/strong> \u2013 spezifische Details zur Art des Missbrauchs oder der Vernachl\u00e4ssigung<\/p>\n<\/li>\n<li data-start=\"495\" data-end=\"644\">\n<p data-start=\"497\" data-end=\"552\"><strong data-start=\"497\" data-end=\"507\">Beweise<\/strong> \u2013 f\u00fcgen Sie so viel relevantes Material wie m\u00f6glich bei:<\/p>\n<ul data-start=\"555\" data-end=\"644\">\n<li data-start=\"555\" data-end=\"589\">\n<p data-start=\"557\" data-end=\"589\">Fotos und\/oder Videos<\/p>\n<\/li>\n<li data-start=\"592\" data-end=\"611\">\n<p data-start=\"594\" data-end=\"611\">Zeugenaussagen<\/p>\n<\/li>\n<li data-start=\"614\" data-end=\"644\">\n<p data-start=\"616\" data-end=\"644\">Veterin\u00e4rdokumentation<\/p>\n<\/li>\n<\/ul>\n<p><\/li>\n<p><\/p>\n<li data-start=\"645\" data-end=\"821\">\n<p data-start=\"647\" data-end=\"717\"><strong data-start=\"647\" data-end=\"698\">Angaben zum Anzeigeerstatter, T\u00e4ter und Zeugen<\/strong> (sofern vorhanden):<\/p>\n<ul data-start=\"720\" data-end=\"821\">\n<li data-start=\"720\" data-end=\"737\">\n<p data-start=\"722\" data-end=\"737\">Vor- und Nachname<\/p>\n<\/li>\n<p><\/p>\n<li data-start=\"740\" data-end=\"750\">\n<p data-start=\"742\" data-end=\"750\">Adresse<\/p>\n<\/li>\n<p><\/p>\n<li data-start=\"753\" data-end=\"770\">\n<p data-start=\"755\" data-end=\"770\">Telefonnummer<\/p>\n<\/li>\n<p><\/p>\n<li data-start=\"773\" data-end=\"821\">\n<p data-start=\"775\" data-end=\"821\">Fahrzeugkennzeichen (falls zutreffend)<\/p>\n<\/li>\n<p><\/ul>\n<p><\/li>\n<p><\/ul>\n<p>[\/et_pb_text][\/et_pb_column][et_pb_column type=&#8221;1_2&#8243; _builder_version=&#8221;4.27.4&#8243; _module_preset=&#8221;default&#8221; background_color=&#8221;#57BDEB&#8221; custom_padding=&#8221;20px|20px|20px|20px|true|true&#8221; border_radii=&#8221;on|10px|10px|10px|10px&#8221; global_colors_info=&#8221;{}&#8221;][et_pb_text _builder_version=&#8221;4.27.4&#8243; _module_preset=&#8221;default&#8221; text_font=&#8221;Inria Sans||||||||&#8221; text_text_color=&#8221;#ffffff&#8221; text_font_size=&#8221;16px&#8221; header_3_font=&#8221;Inria Sans|300|||||||&#8221; header_3_text_color=&#8221;#ffffff&#8221; header_4_font=&#8221;Inria Sans||||||||&#8221; header_4_line_height=&#8221;1.3em&#8221; global_colors_info=&#8221;{}&#8221;]<\/p>\n<h3 data-start=\"117\" data-end=\"169\"><strong data-start=\"117\" data-end=\"169\">WIE STELLT MAN EINEN ANTRAG BEI DER VETERIN\u00c4RINSPEKTION?<\/strong><\/h3>\n<p><\/p>\n<p data-start=\"171\" data-end=\"373\">Sie reichen einen schriftlichen Bericht \u00fcber die Vernachl\u00e4ssigung\/Misshandlung eines Tieres bei der staatlichen Aufsichtsbeh\u00f6rde ein. Geben Sie darin m\u00f6glichst viele Details an, die auf einen Versto\u00df gegen das Tierschutzgesetz hinweisen. Dem Antrag selbst sollten Sie m\u00f6glichst viele konkrete Beweise beif\u00fcgen, wie z. B. Fotos und\/oder Videoaufnahmen, Zeugenaussagen, tier\u00e4rztliche Unterlagen usw. <\/p>\n<p>[\/et_pb_text][et_pb_button button_url=&#8221;https:\/\/dirh.gov.hr\/podnosenje-prijava\/83&#8243; url_new_window=&#8221;on&#8221; button_text=&#8221;weitere Informationen&#8221; _builder_version=&#8221;4.27.4&#8243; _module_preset=&#8221;default&#8221; custom_button=&#8221;on&#8221; button_text_size=&#8221;16px&#8221; button_text_color=&#8221;#57BDEB&#8221; button_bg_color=&#8221;#ffffff&#8221; button_border_width=&#8221;0px&#8221; button_border_radius=&#8221;100px&#8221; button_font=&#8221;Inria Sans|||on|||||&#8221; button_use_icon=&#8221;off&#8221; custom_padding=&#8221;16px|24px|16px|24px|true|true&#8221; global_colors_info=&#8221;{}&#8221;][\/et_pb_button][\/et_pb_column][\/et_pb_row][et_pb_row column_structure=&#8221;1_4,1_4,1_4,1_4&#8243; use_custom_gutter=&#8221;on&#8221; gutter_width=&#8221;2&#8243; _builder_version=&#8221;4.27.4&#8243; _module_preset=&#8221;default&#8221; width=&#8221;90%&#8221; max_width=&#8221;1300px&#8221; global_colors_info=&#8221;{}&#8221;][et_pb_column type=&#8221;1_4&#8243; _builder_version=&#8221;4.27.4&#8243; _module_preset=&#8221;default&#8221; global_colors_info=&#8221;{}&#8221;][et_pb_text _builder_version=&#8221;4.27.4&#8243; _module_preset=&#8221;default&#8221; text_font=&#8221;Inria Sans||||||||&#8221; text_font_size=&#8221;16px&#8221; text_line_height=&#8221;1.8em&#8221; header_3_font=&#8221;Inria Sans||||||||&#8221; header_3_font_size=&#8221;18px&#8221; header_4_font=&#8221;Inria Sans||||||||&#8221; header_4_line_height=&#8221;1.3em&#8221; global_colors_info=&#8221;{}&#8221;]<\/p>\n<h3 data-start=\"828\" data-end=\"854\"><strong>\ud83d\udd12 Identit\u00e4tsschutz:<\/strong><\/h3>\n<p><\/p>\n<p data-start=\"856\" data-end=\"1036\">Wenn <strong data-start=\"868\" data-end=\"893\">die Sicherheit des Hinweisgebers oder Zeugen gef\u00e4hrdet<\/strong> ist, <strong data-start=\"945\" data-end=\"969\">bitten Sie in der Meldung um Anonymit\u00e4t<\/strong> . Die zust\u00e4ndigen Stellen sind verpflichtet, diesem Ersuchen nachzukommen. <\/p>\n<p>[\/et_pb_text][\/et_pb_column][et_pb_column type=&#8221;1_4&#8243; _builder_version=&#8221;4.27.4&#8243; _module_preset=&#8221;default&#8221; global_colors_info=&#8221;{}&#8221;][et_pb_text _builder_version=&#8221;4.27.4&#8243; _module_preset=&#8221;default&#8221; text_font=&#8221;Inria Sans||||||||&#8221; text_font_size=&#8221;16px&#8221; text_line_height=&#8221;1.8em&#8221; header_3_font=&#8221;Inria Sans||||||||&#8221; header_3_font_size=&#8221;18px&#8221; header_4_font=&#8221;Inria Sans||||||||&#8221; header_4_line_height=&#8221;1.3em&#8221; global_colors_info=&#8221;{}&#8221;]<\/p>\n<h3 data-start=\"1043\" data-end=\"1071\"><strong>\ud83d\udcec Feedback:<\/strong><\/h3>\n<p><\/p>\n<p data-start=\"1073\" data-end=\"1154\"><strong data-start=\"1099\" data-end=\"1133\">Bitten Sie am Ende der Bewerbung unbedingt um eine R\u00fcckmeldung<\/strong> zu den getroffenen Ma\u00dfnahmen.<\/p>\n<p>[\/et_pb_text][\/et_pb_column][et_pb_column type=&#8221;1_4&#8243; _builder_version=&#8221;4.27.4&#8243; _module_preset=&#8221;default&#8221; global_colors_info=&#8221;{}&#8221;][et_pb_text _builder_version=&#8221;4.27.4&#8243; _module_preset=&#8221;default&#8221; text_font=&#8221;Inria Sans||||||||&#8221; text_font_size=&#8221;16px&#8221; text_line_height=&#8221;1.8em&#8221; header_3_font=&#8221;Inria Sans||||||||&#8221; header_3_font_size=&#8221;18px&#8221; header_3_line_height=&#8221;1.3em&#8221; header_4_font=&#8221;Inria Sans||||||||&#8221; header_4_line_height=&#8221;1.3em&#8221; global_colors_info=&#8221;{}&#8221;]<\/p>\n<h3 data-start=\"1161\" data-end=\"1248\">\u23f1 Das Einreichen einer Bewerbung dauert nur 10 Minuten und kann den Lebensweg eines Menschen ver\u00e4ndern.<\/h3>\n<p><\/p>\n<p data-start=\"1250\" data-end=\"1368\"><strong data-start=\"1250\" data-end=\"1276\">Reichen Sie Ihre Bewerbung hier ein:<\/strong><br data-start=\"1276\" data-end=\"1279\"> \ud83d\udc49 <a data-start=\"1282\" data-end=\"1368\" class=\"\" rel=\"noopener\" target=\"_new\" href=\"https:\/\/dirh.gov.hr\/podnosenje-prijava\/83\">https:\/\/dirh.gov.hr\/podnosenje-prijava\/83<\/a><\/p>\n<p>[\/et_pb_text][\/et_pb_column][et_pb_column type=&#8221;1_4&#8243; _builder_version=&#8221;4.27.4&#8243; _module_preset=&#8221;default&#8221; global_colors_info=&#8221;{}&#8221;][et_pb_text _builder_version=&#8221;4.27.4&#8243; _module_preset=&#8221;default&#8221; text_font=&#8221;Inria Sans||||||||&#8221; text_font_size=&#8221;16px&#8221; text_line_height=&#8221;1.8em&#8221; header_3_font=&#8221;Inria Sans||||||||&#8221; header_3_font_size=&#8221;18px&#8221; header_4_font=&#8221;Inria Sans||||||||&#8221; header_4_line_height=&#8221;1.3em&#8221; global_colors_info=&#8221;{}&#8221;]<\/p>\n<h3 data-start=\"1375\" data-end=\"1397\"><strong>\u26a0\ufe0f Wichtiger Hinweis:<\/strong><\/h3>\n<p><\/p>\n<p data-start=\"1399\" data-end=\"1433\"><strong data-start=\"1399\" data-end=\"1429\">Der SNOOPY Verein ist nicht befugt<\/strong> :<\/p>\n<p><\/p>\n<ul data-start=\"1434\" data-end=\"1509\">\n<li data-start=\"1434\" data-end=\"1469\">\n<p data-start=\"1436\" data-end=\"1469\">Beschlagnahmung von Tieren<\/p>\n<\/li>\n<li data-start=\"1470\" data-end=\"1509\">\n<p data-start=\"1472\" data-end=\"1509\">Verh\u00e4ngung von Geldbu\u00dfen oder anderen Sanktionen<\/p>\n<\/li>\n<\/ul>\n<p><\/p>\n<p data-start=\"1511\" data-end=\"1699\">Im Falle von Missbrauch, Vernachl\u00e4ssigung oder anderen Unregelm\u00e4\u00dfigkeiten im Zusammenhang mit dem Tierschutz <strong data-start=\"1619\" data-end=\"1686\">senden Sie den Bericht bitte \u00fcber die offizielle Website der staatlichen Aufsichtsbeh\u00f6rde<\/strong> (Link oben).<\/p>\n<p>[\/et_pb_text][\/et_pb_column][\/et_pb_row][\/et_pb_section]<\/p>\n","protected":false},"excerpt":{"rendered":"<p>Missbrauch meldenWenn Sie Zeuge der Aussetzung, Vernachl\u00e4ssigung und\/oder Misshandlung von Tieren geworden sind und nicht wissen, an welche zust\u00e4ndigen Stellen Sie diegenannten Taten melden sollen und ob sie strafbar sind, kann Ihnen der folgende Text weiterhelfen\u2026Aussetzen von Tieren Das Aussetzen eines Tieres ist nach dem Tierschutzgesetz strafbar und muss der zust\u00e4ndigen Veterin\u00e4rbeh\u00f6rde gemeldet werden.Vernachl\u00e4ssigung und Misshandlung von TierenAuch Tiervernachl\u00e4ssigung und Tierqu\u00e4lerei fallen in den Zust\u00e4ndigkeitsbereich der Veterin\u00e4rinspektion , der entsprechende Meldungen zugeleitet werden. Dabei handelt es sich um verschiedene Formen von Verst\u00f6\u00dfen gegen das Tierschutzgesetz , wie zum Beispiel: den Hund an einer sehr kurzen Leine halten Halten des Tieres in der Sonne ohne Schutz und Wasser verschiedene Formen der Vernachl\u00e4ssigung (Vers\u00e4umnis, den Tierarzt aufzusuchen, keine Behandlung von Krankheiten, unregelm\u00e4\u00dfige F\u00fctterung und Wasserversorgung, ungeeignete Unterbringung) einen Hund in einer Wohnung halten, ohne ihn regelm\u00e4\u00dfig spazieren zu f\u00fchren ein Tier schlagen Tiervergiftung Tierqu\u00e4lerei \ud83d\udcc4 Die Bewerbung muss enthalten: Beschreibung des Vorfalls \u2013 spezifische Details zur Art des Missbrauchs oder der Vernachl\u00e4ssigung Beweise \u2013 f\u00fcgen Sie so viel relevantes Material wie m\u00f6glich bei: Fotos und\/oder Videos Zeugenaussagen Veterin\u00e4rdokumentation Angaben zum Anzeigeerstatter, T\u00e4ter und Zeugen (sofern vorhanden): Vor- und Nachname Adresse Telefonnummer Fahrzeugkennzeichen (falls zutreffend) WIE STELLT MAN EINEN ANTRAG BEI DER VETERIN\u00c4RINSPEKTION?Sie [&hellip;]<\/p>\n","protected":false},"author":1,"featured_media":0,"parent":0,"menu_order":0,"comment_status":"closed","ping_status":"closed","template":"","meta":{"_acf_changed":false,"_et_pb_use_builder":"on","_et_pb_old_content":"","_et_gb_content_width":"","inline_featured_image":false,"footnotes":""},"class_list":["post-55681","page","type-page","status-publish","hentry"],"acf":[],"_links":{"self":[{"href":"https:\/\/snoopy.hr\/de\/wp-json\/wp\/v2\/pages\/55681","targetHints":{"allow":["GET"]}}],"collection":[{"href":"https:\/\/snoopy.hr\/de\/wp-json\/wp\/v2\/pages"}],"about":[{"href":"https:\/\/snoopy.hr\/de\/wp-json\/wp\/v2\/types\/page"}],"author":[{"embeddable":true,"href":"https:\/\/snoopy.hr\/de\/wp-json\/wp\/v2\/users\/1"}],"replies":[{"embeddable":true,"href":"https:\/\/snoopy.hr\/de\/wp-json\/wp\/v2\/comments?post=55681"}],"version-history":[{"count":8,"href":"https:\/\/snoopy.hr\/de\/wp-json\/wp\/v2\/pages\/55681\/revisions"}],"predecessor-version":[{"id":57072,"href":"https:\/\/snoopy.hr\/de\/wp-json\/wp\/v2\/pages\/55681\/revisions\/57072"}],"wp:attachment":[{"href":"https:\/\/snoopy.hr\/de\/wp-json\/wp\/v2\/media?parent=55681"}],"curies":[{"name":"wp","href":"https:\/\/api.w.org\/{rel}","templated":true}]}}