{"id":55660,"date":"2025-05-20T21:09:20","date_gmt":"2025-05-20T21:09:20","guid":{"rendered":"https:\/\/snoopy.hr\/heim\/"},"modified":"2025-09-18T10:40:54","modified_gmt":"2025-09-18T10:40:54","slug":"heim","status":"publish","type":"page","link":"https:\/\/snoopy.hr\/de\/","title":{"rendered":"Home"},"content":{"rendered":"<p>[et_pb_section fb_built=&#8221;1&#8243; admin_label=&#8221;Header&#8221; _builder_version=&#8221;4.27.4&#8243; _module_preset=&#8221;default&#8221; background_color=&#8221;gcid-d214ab81-0383-475f-b48e-2c27b44bd017&#8243; use_background_color_gradient=&#8221;on&#8221; background_color_gradient_overlays_image=&#8221;on&#8221; background_video_mp4=&#8221;https:\/\/snoopy.hr\/wp-content\/uploads\/2025\/06\/video-home-page.mp4&#8243; height=&#8221;100vh&#8221; height_tablet=&#8221;100vh&#8221; height_phone=&#8221;70vh&#8221; height_last_edited=&#8221;on|tablet&#8221; custom_padding=&#8221;6.7%||6.7%||true|false&#8221; background_last_edited=&#8221;on|tablet&#8221; background_color_gradient_direction_tablet=&#8221;180deg&#8221; collapsed=&#8221;on&#8221; global_colors_info=&#8221;{%22gcid-d214ab81-0383-475f-b48e-2c27b44bd017%22:%91%22background_color%22,%22background_color_gradient_stops%22%93,%22gcid-3cf7c930-5f16-4c4e-9613-90a9edb8c65a%22:%91%22background_color_gradient_stops%22%93}&#8221;][et_pb_row make_equal=&#8221;on&#8221; _builder_version=&#8221;4.27.4&#8243; _module_preset=&#8221;default&#8221; positioning=&#8221;absolute&#8221; position_origin_a=&#8221;top_center&#8221; vertical_offset=&#8221;100px&#8221; position_origin_a_tablet=&#8221;&#8221; position_origin_a_phone=&#8221;top_center&#8221; position_origin_a_last_edited=&#8221;on|phone&#8221; position_origin_f_tablet=&#8221;&#8221; position_origin_f_phone=&#8221;&#8221; position_origin_f_last_edited=&#8221;on|phone&#8221; position_origin_r_tablet=&#8221;&#8221; position_origin_r_phone=&#8221;&#8221; position_origin_r_last_edited=&#8221;on|phone&#8221; width_tablet=&#8221;&#8221; width_phone=&#8221;100%&#8221; width_last_edited=&#8221;on|phone&#8221; positioning_tablet=&#8221;&#8221; positioning_phone=&#8221;absolute&#8221; positioning_last_edited=&#8221;on|phone&#8221; global_colors_info=&#8221;{}&#8221;][et_pb_column type=&#8221;4_4&#8243; _builder_version=&#8221;4.27.4&#8243; _module_preset=&#8221;default&#8221; positioning=&#8221;none&#8221; position_origin_a=&#8221;bottom_center&#8221; global_colors_info=&#8221;{}&#8221;][et_pb_text _builder_version=&#8221;4.27.4&#8243; _module_preset=&#8221;6403430a-6153-4413-b324-8f561a6aa7ba&#8221; header_font=&#8221;babi lexi||||||||&#8221; header_text_align=&#8221;center&#8221; header_text_color=&#8221;#ffffff&#8221; header_font_size=&#8221;180px&#8221; header_letter_spacing=&#8221;5px&#8221; header_line_height=&#8221;0.8em&#8221; position_origin_a=&#8221;top_center&#8221; width_tablet=&#8221;&#8221; width_phone=&#8221;100%&#8221; width_last_edited=&#8221;on|phone&#8221; custom_margin=&#8221;||10px||false|false&#8221; header_font_size_tablet=&#8221;120px&#8221; header_font_size_phone=&#8221;70px&#8221; header_text_shadow_style=&#8221;preset1&#8243; global_colors_info=&#8221;{}&#8221;]<\/p>\n<h1>Friends<br \/>for life<\/h1>\n<p>[\/et_pb_text][\/et_pb_column][\/et_pb_row][et_pb_row column_structure=&#8221;1_2,1_2&#8243; make_equal=&#8221;on&#8221; _builder_version=&#8221;4.27.4&#8243; _module_preset=&#8221;default&#8221; positioning=&#8221;absolute&#8221; position_origin_a=&#8221;bottom_center&#8221; vertical_offset=&#8221;35%&#8221; vertical_offset_tablet=&#8221;35%&#8221; vertical_offset_phone=&#8221;25%&#8221; vertical_offset_last_edited=&#8221;on|phone&#8221; position_origin_a_tablet=&#8221;&#8221; position_origin_a_phone=&#8221;bottom_center&#8221; position_origin_a_last_edited=&#8221;on|phone&#8221; position_origin_f_tablet=&#8221;&#8221; position_origin_f_phone=&#8221;&#8221; position_origin_f_last_edited=&#8221;on|phone&#8221; position_origin_r_tablet=&#8221;&#8221; position_origin_r_phone=&#8221;&#8221; position_origin_r_last_edited=&#8221;on|phone&#8221; width_tablet=&#8221;&#8221; width_phone=&#8221;100%&#8221; width_last_edited=&#8221;on|phone&#8221; positioning_tablet=&#8221;&#8221; positioning_phone=&#8221;absolute&#8221; positioning_last_edited=&#8221;on|phone&#8221; custom_css_main_element=&#8221;display: flex;&#8221; global_colors_info=&#8221;{}&#8221;][et_pb_column type=&#8221;1_2&#8243; _builder_version=&#8221;4.23.1&#8243; _module_preset=&#8221;default&#8221; global_colors_info=&#8221;{}&#8221;][et_pb_button button_url=&#8221;https:\/\/snoopy.hr\/de\/adoptieren\/&#8221; button_text=&#8221;adoptieren &#8221; button_alignment=&#8221;right&#8221; _builder_version=&#8221;4.27.4&#8243; _module_preset=&#8221;f0e2dc77-8aa8-4188-aae6-d44a0249be10&#8243; button_text_size=&#8221;20px&#8221; button_bg_color=&#8221;#57BDEB&#8221; button_font=&#8221;babi lexi|700||on|||||&#8221; custom_margin=&#8221;||||false|false&#8221; custom_margin_tablet=&#8221;|20px|||false|false&#8221; custom_margin_phone=&#8221;|20px|||false|false&#8221; custom_margin_last_edited=&#8221;on|tablet&#8221; locked=&#8221;off&#8221; global_colors_info=&#8221;{%22gcid-27d27316-00ff-460e-9cc1-5df31af25225%22:%91%22button_bg_color%22,%22button_bg_color%22,%22button_bg_color%22,%22button_bg_color%22%93}&#8221;][\/et_pb_button][\/et_pb_column][et_pb_column type=&#8221;1_2&#8243; _builder_version=&#8221;4.23.1&#8243; _module_preset=&#8221;default&#8221; global_colors_info=&#8221;{}&#8221;][et_pb_button button_url=&#8221;https:\/\/snoopy.hr\/de\/spenden\/&#8221; button_text=&#8221;spenden&#8221; button_alignment=&#8221;left&#8221; _builder_version=&#8221;4.27.4&#8243; _module_preset=&#8221;f0e2dc77-8aa8-4188-aae6-d44a0249be10&#8243; button_text_size=&#8221;20px&#8221; button_bg_color=&#8221;#FEE07E&#8221; button_font=&#8221;babi lexi|700||on|||||&#8221; custom_margin=&#8221;||||false|false&#8221; custom_margin_tablet=&#8221;|||20px|false|false&#8221; custom_margin_phone=&#8221;|||20px|false|false&#8221; custom_margin_last_edited=&#8221;on|tablet&#8221; locked=&#8221;off&#8221; global_colors_info=&#8221;{%22gcid-3cf7c930-5f16-4c4e-9613-90a9edb8c65a%22:%91%22button_text_color%22%93}&#8221;][\/et_pb_button][\/et_pb_column][\/et_pb_row][\/et_pb_section][et_pb_section fb_built=&#8221;1&#8243; _builder_version=&#8221;4.27.4&#8243; _module_preset=&#8221;default&#8221; background_enable_pattern_style=&#8221;on&#8221; background_pattern_color=&#8221;rgba(0,0,0,0.02)&#8221; global_colors_info=&#8221;{}&#8221;][et_pb_row _builder_version=&#8221;4.27.4&#8243; _module_preset=&#8221;default&#8221; global_colors_info=&#8221;{}&#8221;][et_pb_column type=&#8221;4_4&#8243; _builder_version=&#8221;4.27.4&#8243; _module_preset=&#8221;default&#8221; global_colors_info=&#8221;{}&#8221;][et_pb_text _builder_version=&#8221;4.27.4&#8243; _module_preset=&#8221;default&#8221; text_font=&#8221;Inria Sans||||||||&#8221; text_font_size=&#8221;16px&#8221; text_line_height=&#8221;1.8em&#8221; header_text_color=&#8221;#57BDEB&#8221; header_font_size=&#8221;80px&#8221; text_orientation=&#8221;center&#8221; global_colors_info=&#8221;{}&#8221;]<\/p>\n<div class=\"fh-top\">\n<p><span class=\"slogan\"><strong>Tierschutzverein<\/strong><\/span><\/p>\n<p>&nbsp;<\/p>\n<\/div>\n<h1 class=\"title\">SNOOPY<\/h1>\n<div class=\"inside\">\n<p><span style=\"text-decoration: underline;\">Willkommen auf unserer Website!<\/span><\/p>\n<p><span style=\"font-weight: 400;\">Die Snoopy Association bietet seit Jahren verlassenen und verlorenen Tieren einen sicheren Zufluchtsort. Mit Liebe, Hingabe und der Unterst\u00fctzung guter Menschen bem\u00fchen wir uns, jedem Leben W\u00fcrde, Vertrauen und eine zweite Chance zur\u00fcckzugeben. Auf unserer Website k\u00f6nnen Sie unsere Bewohner kennenlernen, mehr \u00fcber Adoption, Freiwilligenarbeit und M\u00f6glichkeiten zur Unterst\u00fctzung erfahren. Neben der Adoption f\u00f6rdern wir verantwortungsvolle Tierhaltung, Kastration und Aufkl\u00e4rung \u00fcber die Rechte und Bed\u00fcrfnisse von Tieren.<\/span><\/p>\n<\/div>\n<p>[\/et_pb_text][\/et_pb_column][\/et_pb_row][\/et_pb_section][et_pb_section fb_built=&#8221;1&#8243; custom_padding_last_edited=&#8221;off|tablet&#8221; admin_label=&#8221;Call to Action&#8221; _builder_version=&#8221;4.27.4&#8243; _module_preset=&#8221;default&#8221; background_color=&#8221;rgba(87,189,235,0.09)&#8221; custom_padding=&#8221;||||false|false&#8221; collapsed=&#8221;on&#8221; global_colors_info=&#8221;{}&#8221;][et_pb_row column_structure=&#8221;1_3,1_3,1_3&#8243; use_custom_gutter=&#8221;on&#8221; gutter_width=&#8221;2&#8243; _builder_version=&#8221;4.27.4&#8243; _module_preset=&#8221;default&#8221; width=&#8221;90%&#8221; max_width=&#8221;1300px&#8221; global_colors_info=&#8221;{}&#8221;][et_pb_column type=&#8221;1_3&#8243; _builder_version=&#8221;4.27.4&#8243; _module_preset=&#8221;default&#8221; use_background_color_gradient=&#8221;on&#8221; background_color_gradient_stops=&#8221;rgba(10,3,3,0.79) 0%|rgba(10,3,3,0.59) 100%&#8221; background_color_gradient_overlays_image=&#8221;on&#8221; background_image=&#8221;https:\/\/snoopy.hr\/wp-content\/uploads\/2025\/07\/udomi.jpg&#8221; custom_padding=&#8221;100px||100px||true|false&#8221; link_option_url=&#8221;https:\/\/snoopy.hr\/de\/adoptieren\/&#8221; border_radii=&#8221;on|20px|20px|20px|20px&#8221; global_colors_info=&#8221;{}&#8221;][et_pb_text _builder_version=&#8221;4.27.4&#8243; _module_preset=&#8221;default&#8221; header_text_align=&#8221;center&#8221; header_text_color=&#8221;#ffffff&#8221; header_font_size=&#8221;80px&#8221; global_colors_info=&#8221;{}&#8221;]<\/p>\n<h1>Adoptieren<\/h1>\n<p>[\/et_pb_text][et_pb_text _builder_version=&#8221;4.27.4&#8243; _module_preset=&#8221;default&#8221; text_font=&#8221;Inria Sans||||||||&#8221; text_text_color=&#8221;#ffffff&#8221; text_font_size=&#8221;16px&#8221; text_line_height=&#8221;1.8em&#8221; text_orientation=&#8221;center&#8221; custom_padding=&#8221;|30px||30px|false|true&#8221; global_colors_info=&#8221;{}&#8221;]<\/p>\n<p><span>Haben Sie sich entschieden, einen unserer Bewohner zu adoptieren und ihm das Zuhause zu geben, das er verdient? Niemand ist gl\u00fccklicher als wir.<\/span><br \/><span>Erfahren Sie mehr \u00fcber das Adoptionsverfahren, das Sie beachten m\u00fcssen.<\/span><\/p>\n<p>[\/et_pb_text][et_pb_button button_url=&#8221;https:\/\/snoopy.hr\/de\/adoptieren\/&#8221; button_text=&#8221;Mehr erfahren&#8221; button_alignment=&#8221;center&#8221; _builder_version=&#8221;4.27.4&#8243; _module_preset=&#8221;f0e2dc77-8aa8-4188-aae6-d44a0249be10&#8243; button_text_size=&#8221;16px&#8221; button_text_color=&#8221;#FFFFFF&#8221; button_bg_color=&#8221;#57BDEB&#8221; button_letter_spacing=&#8221;0em&#8221; button_font=&#8221;Inria Sans|||on|||||&#8221; button_use_icon=&#8221;off&#8221; custom_margin=&#8221;30px||||false|false&#8221; locked=&#8221;off&#8221; global_colors_info=&#8221;{%22gcid-27d27316-00ff-460e-9cc1-5df31af25225%22:%91%22button_bg_color%22,%22button_bg_color%22%93}&#8221;][\/et_pb_button][\/et_pb_column][et_pb_column type=&#8221;1_3&#8243; _builder_version=&#8221;4.27.4&#8243; _module_preset=&#8221;default&#8221; use_background_color_gradient=&#8221;on&#8221; background_color_gradient_stops=&#8221;rgba(10,3,3,0.79) 0%|rgba(10,3,3,0.46) 100%&#8221; background_color_gradient_overlays_image=&#8221;on&#8221; background_image=&#8221;https:\/\/snoopy.hr\/wp-content\/uploads\/2025\/07\/doniraj.jpg&#8221; custom_padding=&#8221;100px||100px||true|false&#8221; link_option_url=&#8221;https:\/\/snoopy.hr\/de\/spenden\/&#8221; border_radii=&#8221;on|20px|20px|20px|20px&#8221; global_colors_info=&#8221;{}&#8221;][et_pb_text _builder_version=&#8221;4.27.4&#8243; _module_preset=&#8221;default&#8221; header_text_align=&#8221;center&#8221; header_text_color=&#8221;#ffffff&#8221; header_font_size=&#8221;80px&#8221; global_colors_info=&#8221;{}&#8221;]<\/p>\n<h1>Spenden<\/h1>\n<p>[\/et_pb_text][et_pb_text _builder_version=&#8221;4.27.4&#8243; _module_preset=&#8221;default&#8221; text_font=&#8221;Inria Sans||||||||&#8221; text_text_color=&#8221;#ffffff&#8221; text_font_size=&#8221;16px&#8221; text_line_height=&#8221;1.8em&#8221; text_orientation=&#8221;center&#8221; custom_padding=&#8221;0px|30px||30px|false|true&#8221; global_colors_info=&#8221;{}&#8221;]<\/p>\n<p><span>Der Verein \u201eSNOOPY\u201c ist ein gemeinn\u00fctziger Verein, die f\u00fcr seine Arbeit notwendigen finanziellen Mittel werden ausschlie\u00dflich durch freiwillige Spenden der B\u00fcrger und m\u00f6gliche Unterst\u00fctzung durch Ausschreibungen bereitgestellt.<\/span><\/p>\n<p>[\/et_pb_text][et_pb_button button_url=&#8221;https:\/\/snoopy.hr\/de\/spenden\/&#8221; button_text=&#8221;Mehr erfahren&#8221; button_alignment=&#8221;center&#8221; _builder_version=&#8221;4.27.4&#8243; _module_preset=&#8221;f0e2dc77-8aa8-4188-aae6-d44a0249be10&#8243; button_text_size=&#8221;16px&#8221; button_text_color=&#8221;#FFFFFF&#8221; button_bg_color=&#8221;#57BDEB&#8221; button_letter_spacing=&#8221;0em&#8221; button_font=&#8221;Inria Sans|||on|||||&#8221; button_use_icon=&#8221;off&#8221; custom_margin=&#8221;30px||||false|false&#8221; locked=&#8221;off&#8221; global_colors_info=&#8221;{%22gcid-27d27316-00ff-460e-9cc1-5df31af25225%22:%91%22button_bg_color%22,%22button_bg_color%22%93}&#8221;][\/et_pb_button][\/et_pb_column][et_pb_column type=&#8221;1_3&#8243; _builder_version=&#8221;4.27.4&#8243; _module_preset=&#8221;default&#8221; use_background_color_gradient=&#8221;on&#8221; background_color_gradient_stops=&#8221;rgba(10,3,3,0.79) 1%|rgba(10,3,3,0.46) 100%&#8221; background_color_gradient_overlays_image=&#8221;on&#8221; background_image=&#8221;https:\/\/snoopy.hr\/wp-content\/uploads\/2025\/07\/volontiraj.jpg&#8221; custom_padding=&#8221;100px||100px||true|false&#8221; link_option_url=&#8221;https:\/\/snoopy.hr\/de\/freiwilliger\/&#8221; border_radii=&#8221;on|20px|20px|20px|20px&#8221; global_colors_info=&#8221;{}&#8221;][et_pb_text _builder_version=&#8221;4.27.4&#8243; _module_preset=&#8221;default&#8221; header_text_align=&#8221;center&#8221; header_text_color=&#8221;#ffffff&#8221; header_font_size=&#8221;80px&#8221; global_colors_info=&#8221;{}&#8221;]<\/p>\n<h1>Freiwilliger<\/h1>\n<p>[\/et_pb_text][et_pb_text _builder_version=&#8221;4.27.4&#8243; _module_preset=&#8221;default&#8221; text_font=&#8221;Inria Sans||||||||&#8221; text_text_color=&#8221;#ffffff&#8221; text_font_size=&#8221;16px&#8221; text_line_height=&#8221;1.8em&#8221; text_orientation=&#8221;center&#8221; custom_padding=&#8221;|30px||30px|false|true&#8221; global_colors_info=&#8221;{}&#8221;]<\/p>\n<p><span style=\"font-weight: 400;\">Bei der Freiwilligenarbeit im Hundetierheim <span>Snoopy<\/span> geht es nicht nur darum, Tieren zu helfen \u2013 es ist auch eine Gelegenheit zum pers\u00f6nlichen Wachstum, neue Freundschaften zu schlie\u00dfen und einen erf\u00fcllten Tag zu erleben. <\/span><span style=\"font-weight: 400;\">Wenn du Tiere liebst und etwas Gutes tun m\u00f6chtest, dann werde Teil unseres Teams!<\/span><\/p>\n<p>[\/et_pb_text][et_pb_button button_url=&#8221;https:\/\/snoopy.hr\/de\/freiwilliger\/&#8221; button_text=&#8221;Mehr erfahren&#8221; button_alignment=&#8221;center&#8221; _builder_version=&#8221;4.27.4&#8243; _module_preset=&#8221;f0e2dc77-8aa8-4188-aae6-d44a0249be10&#8243; button_text_size=&#8221;16px&#8221; button_text_color=&#8221;#FFFFFF&#8221; button_bg_color=&#8221;#57BDEB&#8221; button_letter_spacing=&#8221;0em&#8221; button_font=&#8221;Inria Sans|||on|||||&#8221; button_use_icon=&#8221;off&#8221; custom_margin=&#8221;30px||||false|false&#8221; locked=&#8221;off&#8221; global_colors_info=&#8221;{%22gcid-27d27316-00ff-460e-9cc1-5df31af25225%22:%91%22button_bg_color%22,%22button_bg_color%22%93}&#8221;][\/et_pb_button][\/et_pb_column][\/et_pb_row][\/et_pb_section][et_pb_section fb_built=&#8221;1&#8243; _builder_version=&#8221;4.27.4&#8243; _module_preset=&#8221;default&#8221; global_colors_info=&#8221;{}&#8221;][et_pb_row _builder_version=&#8221;4.27.4&#8243; _module_preset=&#8221;default&#8221; width=&#8221;90%&#8221; max_width=&#8221;1300px&#8221; global_colors_info=&#8221;{}&#8221;][et_pb_column type=&#8221;4_4&#8243; _builder_version=&#8221;4.27.4&#8243; _module_preset=&#8221;default&#8221; global_colors_info=&#8221;{}&#8221;][et_pb_text _builder_version=&#8221;4.27.4&#8243; _module_preset=&#8221;default&#8221; header_text_align=&#8221;left&#8221; header_text_color=&#8221;#57BDEB&#8221; header_font_size=&#8221;80px&#8221; custom_margin=&#8221;0px||0px||false|false&#8221; custom_padding=&#8221;0px||0px||false|false&#8221; global_colors_info=&#8221;{}&#8221;]<\/p>\n<h1>Adoptieren<\/h1>\n<p>[\/et_pb_text][et_pb_de_mach_archive_loop post_type_choose=&#8221;muzjaci,zenke,stenci,stariji_psi&#8221; loop_layout=&#8221;54491&#8243; animation_color=&#8221;#57BDEB&#8221; loading_bg_color=&#8221;#ffffff&#8221; no_posts_layout=&#8221;54491&#8243; posts_number=&#8221;8&#8243; order_asc_desc=&#8221;DESC&#8221; sec_sort_order=&#8221;date&#8221; sec_order_asc_desc=&#8221;DESC&#8221; enable_loadmore=&#8221;on&#8221; loadmore_text=&#8221;Prika\u017ei vi\u0161e&#8221; loadmore_text_loading=&#8221;O\u010ditavanje&#8221; equal_height=&#8221;on&#8221; align_last_bottom=&#8221;on&#8221; custom_gutter_width=&#8221;on&#8221; gutter_row_gap=&#8221;0px&#8221; gutter_row_column=&#8221;5px&#8221; loop_template_post_content_margin_padding=&#8221;|0px||0px|false|false&#8221; _builder_version=&#8221;4.27.4&#8243; _module_preset=&#8221;default&#8221; title_font=&#8221;Inria Sans||||||||&#8221; title_font_size=&#8221;22px&#8221; title_letter_spacing=&#8221;1px&#8221; excerpt_font_size=&#8221;12px&#8221; loop_template_meta_font=&#8221;Inria Sans||||||||&#8221; loop_template_meta_font_size=&#8221;12px&#8221; loop_template_meta_a_font_size=&#8221;12px&#8221; loop_template_a_font_size=&#8221;12px&#8221; custom_button=&#8221;on&#8221; button_text_size=&#8221;16px&#8221; button_text_color=&#8221;#ffffff&#8221; button_bg_color=&#8221;#57BDEB&#8221; button_border_width=&#8221;0px&#8221; button_border_radius=&#8221;100px&#8221; button_font=&#8221;Inria Sans||||||||&#8221; button_use_icon=&#8221;off&#8221; button_custom_padding=&#8221;15px|25px|15px|25px|true|true&#8221; custom_margin=&#8221;0px|0px||0px|false|true&#8221; custom_padding=&#8221;0px|0px||0px|false|true&#8221; border_radii=&#8221;on|10px|10px|10px|10px&#8221; global_colors_info=&#8221;{}&#8221;][\/et_pb_de_mach_archive_loop][\/et_pb_column][\/et_pb_row][\/et_pb_section]<\/p>\n","protected":false},"excerpt":{"rendered":"<p>Friendsfor life Tierschutzverein &nbsp; SNOOPY Willkommen auf unserer Website! Die Snoopy Association bietet seit Jahren verlassenen und verlorenen Tieren einen sicheren Zufluchtsort. Mit Liebe, Hingabe und der Unterst\u00fctzung guter Menschen bem\u00fchen wir uns, jedem Leben W\u00fcrde, Vertrauen und eine zweite Chance zur\u00fcckzugeben. Auf unserer Website k\u00f6nnen Sie unsere Bewohner kennenlernen, mehr \u00fcber Adoption, Freiwilligenarbeit und M\u00f6glichkeiten zur Unterst\u00fctzung erfahren. Neben der Adoption f\u00f6rdern wir verantwortungsvolle Tierhaltung, Kastration und Aufkl\u00e4rung \u00fcber die Rechte und Bed\u00fcrfnisse von Tieren. AdoptierenHaben Sie sich entschieden, einen unserer Bewohner zu adoptieren und ihm das Zuhause zu geben, das er verdient? Niemand ist gl\u00fccklicher als wir.Erfahren Sie mehr \u00fcber das Adoptionsverfahren, das Sie beachten m\u00fcssen.SpendenDer Verein \u201eSNOOPY\u201c ist ein gemeinn\u00fctziger Verein, die f\u00fcr seine Arbeit notwendigen finanziellen Mittel werden ausschlie\u00dflich durch freiwillige Spenden der B\u00fcrger und m\u00f6gliche Unterst\u00fctzung durch Ausschreibungen bereitgestellt.FreiwilligerBei der Freiwilligenarbeit im Hundetierheim Snoopy geht es nicht nur darum, Tieren zu helfen \u2013 es ist auch eine Gelegenheit zum pers\u00f6nlichen Wachstum, neue Freundschaften zu schlie\u00dfen und einen erf\u00fcllten Tag zu erleben. Wenn du Tiere liebst und etwas Gutes tun m\u00f6chtest, dann werde Teil unseres Teams!Adoptieren<\/p>\n","protected":false},"author":1,"featured_media":0,"parent":0,"menu_order":0,"comment_status":"closed","ping_status":"closed","template":"","meta":{"_acf_changed":false,"_et_pb_use_builder":"on","_et_pb_old_content":"","_et_gb_content_width":"","inline_featured_image":false,"footnotes":""},"class_list":["post-55660","page","type-page","status-publish","hentry"],"acf":[],"_links":{"self":[{"href":"https:\/\/snoopy.hr\/de\/wp-json\/wp\/v2\/pages\/55660","targetHints":{"allow":["GET"]}}],"collection":[{"href":"https:\/\/snoopy.hr\/de\/wp-json\/wp\/v2\/pages"}],"about":[{"href":"https:\/\/snoopy.hr\/de\/wp-json\/wp\/v2\/types\/page"}],"author":[{"embeddable":true,"href":"https:\/\/snoopy.hr\/de\/wp-json\/wp\/v2\/users\/1"}],"replies":[{"embeddable":true,"href":"https:\/\/snoopy.hr\/de\/wp-json\/wp\/v2\/comments?post=55660"}],"version-history":[{"count":30,"href":"https:\/\/snoopy.hr\/de\/wp-json\/wp\/v2\/pages\/55660\/revisions"}],"predecessor-version":[{"id":57099,"href":"https:\/\/snoopy.hr\/de\/wp-json\/wp\/v2\/pages\/55660\/revisions\/57099"}],"wp:attachment":[{"href":"https:\/\/snoopy.hr\/de\/wp-json\/wp\/v2\/media?parent=55660"}],"curies":[{"name":"wp","href":"https:\/\/api.w.org\/{rel}","templated":true}]}}