{"id":55631,"date":"2025-05-20T21:10:40","date_gmt":"2025-05-20T21:10:40","guid":{"rendered":"https:\/\/snoopy.hr\/haeufig-gestellte-fragen\/"},"modified":"2025-09-18T11:49:28","modified_gmt":"2025-09-18T11:49:28","slug":"haeufig-gestellte-fragen","status":"publish","type":"page","link":"https:\/\/snoopy.hr\/de\/haeufig-gestellte-fragen\/","title":{"rendered":"FAQ"},"content":{"rendered":"<p>[et_pb_section fb_built=&#8221;1&#8243; _builder_version=&#8221;4.27.4&#8243; _module_preset=&#8221;default&#8221; background_enable_pattern_style=&#8221;on&#8221; background_pattern_color=&#8221;rgba(0,0,0,0.02)&#8221; global_colors_info=&#8221;{}&#8221;][et_pb_row column_structure=&#8221;1_2,1_2&#8243; _builder_version=&#8221;4.27.4&#8243; _module_preset=&#8221;default&#8221; width=&#8221;90%&#8221; max_width=&#8221;1300px&#8221; global_colors_info=&#8221;{}&#8221;][et_pb_column type=&#8221;1_2&#8243; _builder_version=&#8221;4.27.4&#8243; _module_preset=&#8221;default&#8221; animation_style=&#8221;fade&#8221; global_colors_info=&#8221;{}&#8221;][et_pb_text _builder_version=&#8221;4.27.4&#8243; _module_preset=&#8221;default&#8221; text_font=&#8221;Inria Sans||||||||&#8221; text_font_size=&#8221;16px&#8221; text_line_height=&#8221;1.8em&#8221; header_3_font=&#8221;Inria Sans||||||||&#8221; header_4_font=&#8221;Inria Sans||||||||&#8221; header_4_line_height=&#8221;1.3em&#8221; global_colors_info=&#8221;{}&#8221;]<\/p>\n<h3 data-start=\"82\" data-end=\"162\">Ich habe einen verletzten Hund gefunden &#8211; was soll ich tun?<\/h3>\n<p data-start=\"82\" data-end=\"162\">Da wir leider keine Tier\u00e4rzte sind, muss ein verletztes Tier schnellstm\u00f6glich zu einem Tierarzt gebracht werden.<br \/> Untersuchung bei der n\u00e4chstgelegenen Veterin\u00e4rstation.<br \/> Wenn die Arbeitszeit vorbei ist und Sie dazu in der Lage sind, bieten Sie dem Tier eine vor\u00fcbergehende Unterkunft.<br \/> Unterkunft bis zum n\u00e4chsten Tag.<br \/> Wenn Sie das Tier nicht von der Stra\u00dfe entfernen k\u00f6nnen, wenden Sie sich f\u00fcr Hilfe an uns.<br \/> Wenn Sie nicht beim Tier bleiben k\u00f6nnen, markieren Sie den Standort (z. B. GPS oder detaillierte Ortsbeschreibung),<br \/> Machen Sie ein Foto oder Video von dem Tier und seiner Umgebung und senden Sie uns einen Bericht.<br \/> Bitte beachten Sie, dass auch wir Arbeitszeiten haben. Bitte respektieren Sie diese \u2013 rufen Sie uns an.<br \/> Wir antworten nachts nicht. <\/p>\n<p>[\/et_pb_text][\/et_pb_column][et_pb_column type=&#8221;1_2&#8243; _builder_version=&#8221;4.27.4&#8243; _module_preset=&#8221;default&#8221; animation_style=&#8221;fade&#8221; animation_delay=&#8221;300ms&#8221; global_colors_info=&#8221;{}&#8221;][et_pb_text _builder_version=&#8221;4.27.4&#8243; _module_preset=&#8221;default&#8221; text_font=&#8221;Inria Sans||||||||&#8221; text_font_size=&#8221;16px&#8221; text_line_height=&#8221;1.8em&#8221; header_3_font=&#8221;Inria Sans||||||||&#8221; header_4_font=&#8221;Inria Sans||||||||&#8221; header_4_line_height=&#8221;1.3em&#8221; global_colors_info=&#8221;{}&#8221;]<\/p>\n<h3>Ich habe einen Hund auf der Stra\u00dfe gefunden \u2013 was soll ich tun?<\/h3>\n<p><span style=\"font-weight: 400;\">Nicht jeder Hund, der auf der Stra\u00dfe herumstreunt, muss verloren gehen!<\/span><\/p>\n<p><span style=\"font-weight: 400;\">Beurteilen Sie seinen Zustand, pr\u00fcfen Sie, ob er ein Halsband tr\u00e4gt und ob er gepflegt ist.<\/span><span style=\"font-weight: 400;\"><br \/><\/span><span style=\"font-weight: 400;\">Viele \u201eWanderer\u201c sind tats\u00e4chlich sogenannte Selbstwanderer, insbesondere in kleineren St\u00e4dten. <\/span><span style=\"font-weight: 400;\"><br \/><\/span><span style=\"font-weight: 400;\">Wenn der Hund ein Halsband tr\u00e4gt und gut aussieht, senden Sie uns ein paar Fotos und den Standort, damit wir versuchen k\u00f6nnen, den Besitzer zu finden, indem Sie ihn auf unseren Seiten ver\u00f6ffentlichen.<\/span><span style=\"font-weight: 400;\"><br \/><\/span><span style=\"font-weight: 400;\">Wenn Ihr Hund nicht gesund aussieht und verloren scheint, bringen Sie ihn zum Tierarzt, um einen Mikrochip-Scan durchf\u00fchren zu lassen (wenn der Hund keinen Mikrochip hat, wird sich der Tierarzt mit uns in Verbindung setzen) oder rufen Sie uns an und wir beraten Sie \u00fcber die beste Vorgehensweise in dieser Situation.<\/span><\/p>\n<p>[\/et_pb_text][\/et_pb_column][\/et_pb_row][et_pb_row column_structure=&#8221;1_2,1_2&#8243; _builder_version=&#8221;4.27.4&#8243; _module_preset=&#8221;default&#8221; width=&#8221;90%&#8221; max_width=&#8221;1300px&#8221; global_colors_info=&#8221;{}&#8221;][et_pb_column type=&#8221;1_2&#8243; _builder_version=&#8221;4.27.4&#8243; _module_preset=&#8221;default&#8221; animation_style=&#8221;fade&#8221; global_colors_info=&#8221;{}&#8221;][et_pb_text _builder_version=&#8221;4.27.4&#8243; _module_preset=&#8221;default&#8221; text_font=&#8221;Inria Sans||||||||&#8221; text_font_size=&#8221;16px&#8221; text_line_height=&#8221;1.8em&#8221; header_3_font=&#8221;Inria Sans||||||||&#8221; header_4_font=&#8221;Inria Sans||||||||&#8221; header_4_line_height=&#8221;1.3em&#8221; global_colors_info=&#8221;{}&#8221;]<\/p>\n<h3>Ich kann meinen Hund nicht mehr versorgen \u2013 k\u00f6nnen Sie ihn aufnehmen?<\/h3>\n<p>Die \u00dcbernahme des Hundes des Besitzers ist nur unter folgenden Voraussetzungen m\u00f6glich:<\/p>\n<p><strong>1. Verf\u00fcgbarer Platz:<\/strong><br \/> Wir ben\u00f6tigen eine freie Loge im Fort. Sollten aktuell keine Pl\u00e4tze frei sein, nehmen wir Sie gerne in die Liste auf.<br \/> Warten. <\/p>\n<p><strong>2. Gesundheitszustand:<\/strong><br \/> Der Hund muss gegen Infektionskrankheiten geimpft sein:<br \/> \u2013 2 Mal, wenn es ein Welpe ist,<br \/> \u2013 1 Mal, wenn \u00e4lter als 7 Monate.<br \/> Ist der Hund geschlechtsreif, muss er kastriert werden.<\/p>\n<p><strong>3. Kosten\u00fcbernahme:<\/strong><br \/> Wenn der Hund nicht untersucht wurde, bitten wir Sie um eine Spende zur Deckung der Kosten<br \/> tier\u00e4rztliche Behandlungen (Impfungen, Kastration etc.).<\/p>\n<p><strong>Hundeverhalten:<br \/><\/strong> <span style=\"font-weight: 400;\">Der Hund darf Menschen gegen\u00fcber nicht aggressiv oder feindselig sein.<\/span><\/p>\n<p>[\/et_pb_text][\/et_pb_column][et_pb_column type=&#8221;1_2&#8243; _builder_version=&#8221;4.27.4&#8243; _module_preset=&#8221;default&#8221; animation_style=&#8221;fade&#8221; animation_delay=&#8221;300ms&#8221; global_colors_info=&#8221;{}&#8221;][et_pb_text _builder_version=&#8221;4.27.4&#8243; _module_preset=&#8221;default&#8221; text_font=&#8221;Inria Sans||||||||&#8221; text_font_size=&#8221;16px&#8221; text_line_height=&#8221;1.8em&#8221; header_3_font=&#8221;Inria Sans||||||||&#8221; header_3_line_height=&#8221;1.2em&#8221; header_4_font=&#8221;Inria Sans||||||||&#8221; header_4_line_height=&#8221;1.3em&#8221; global_colors_info=&#8221;{}&#8221;]<\/p>\n<h3>K\u00f6nnen wir \u00fcber Sie eine kostenlose Sterilisation unseres Hundes oder unserer Katze bekommen?<\/h3>\n<p><span style=\"font-weight: 400;\">Leider nein.<\/span><span style=\"font-weight: 400;\"><br \/><\/span><span style=\"font-weight: 400;\">Die Kosten f\u00fcr Kastrationen und alle weiteren tier\u00e4rztlichen Leistungen tragen wir vollumf\u00e4nglich selbst.<\/span><\/p>\n<p>[\/et_pb_text][et_pb_text _builder_version=&#8221;4.27.4&#8243; _module_preset=&#8221;default&#8221; text_font=&#8221;Inria Sans||||||||&#8221; text_font_size=&#8221;16px&#8221; text_line_height=&#8221;1.8em&#8221; header_3_font=&#8221;Inria Sans||||||||&#8221; header_3_line_height=&#8221;1.2em&#8221; header_4_font=&#8221;Inria Sans||||||||&#8221; header_4_line_height=&#8221;1.3em&#8221; global_colors_info=&#8221;{}&#8221;]<\/p>\n<h3>Wir w\u00fcrden zu Besuch kommen \u2013 was brauchst du am meisten?<\/h3>\n<p>Zwei Dinge, die wir immer brauchen, von denen wir aber nie genug haben, sind:<br \/> &#8211; Dosen f\u00fcr Welpen und erwachsene Hunde (vor allem hochwertiges Nassfutter)<br \/> \u2013 Bleichmittel zur Desinfektion von B\u00f6den (z. B. Varikina)<br \/> Dar\u00fcber hinaus k\u00f6nnen Sie die Liste der ben\u00f6tigten Artikel im Abschnitt \u201eSpenden\u201c auf unserer Website einsehen.<\/p>\n<p>[\/et_pb_text][et_pb_text _builder_version=&#8221;4.27.4&#8243; _module_preset=&#8221;default&#8221; text_font=&#8221;Inria Sans||||||||&#8221; text_font_size=&#8221;16px&#8221; text_line_height=&#8221;1.8em&#8221; header_3_font=&#8221;Inria Sans||||||||&#8221; header_3_line_height=&#8221;1.2em&#8221; header_4_font=&#8221;Inria Sans||||||||&#8221; header_4_line_height=&#8221;1.3em&#8221; global_colors_info=&#8221;{}&#8221;]<\/p>\n<h3>Kann ich meinen Hund w\u00e4hrend meiner Abwesenheit bei Ihnen lassen?<\/h3>\n<p>Wir verstehen Ihr Bed\u00fcrfnis, bieten aber leider keine Tierbetreuungsdienste an.<br \/> Unsere Festung verf\u00fcgt \u00fcber begrenzte Kapazit\u00e4ten, die oft nicht einmal f\u00fcr ausgesetzte Tiere ausreichen.<br \/> Wenn Sie Hilfe ben\u00f6tigen, kontaktieren Sie uns gerne \u2013 wir vermitteln Ihnen gerne zuverl\u00e4ssige<br \/> Hundehotels.<\/p>\n<p>[\/et_pb_text][\/et_pb_column][\/et_pb_row][\/et_pb_section]<\/p>\n","protected":false},"excerpt":{"rendered":"<p>Ich habe einen verletzten Hund gefunden &#8211; was soll ich tun? Da wir leider keine Tier\u00e4rzte sind, muss ein verletztes Tier schnellstm\u00f6glich zu einem Tierarzt gebracht werden. Untersuchung bei der n\u00e4chstgelegenen Veterin\u00e4rstation. Wenn die Arbeitszeit vorbei ist und Sie dazu in der Lage sind, bieten Sie dem Tier eine vor\u00fcbergehende Unterkunft. Unterkunft bis zum n\u00e4chsten Tag. Wenn Sie das Tier nicht von der Stra\u00dfe entfernen k\u00f6nnen, wenden Sie sich f\u00fcr Hilfe an uns. Wenn Sie nicht beim Tier bleiben k\u00f6nnen, markieren Sie den Standort (z. B. GPS oder detaillierte Ortsbeschreibung), Machen Sie ein Foto oder Video von dem Tier und seiner Umgebung und senden Sie uns einen Bericht. Bitte beachten Sie, dass auch wir Arbeitszeiten haben. Bitte respektieren Sie diese \u2013 rufen Sie uns an. Wir antworten nachts nicht. Ich habe einen Hund auf der Stra\u00dfe gefunden \u2013 was soll ich tun? Nicht jeder Hund, der auf der Stra\u00dfe herumstreunt, muss verloren gehen! Beurteilen Sie seinen Zustand, pr\u00fcfen Sie, ob er ein Halsband tr\u00e4gt und ob er gepflegt ist.Viele \u201eWanderer\u201c sind tats\u00e4chlich sogenannte Selbstwanderer, insbesondere in kleineren St\u00e4dten. Wenn der Hund ein Halsband tr\u00e4gt und gut aussieht, senden Sie uns ein paar Fotos und den Standort, damit wir versuchen k\u00f6nnen, [&hellip;]<\/p>\n","protected":false},"author":1,"featured_media":0,"parent":0,"menu_order":0,"comment_status":"closed","ping_status":"closed","template":"","meta":{"_acf_changed":false,"_et_pb_use_builder":"on","_et_pb_old_content":"","_et_gb_content_width":"","inline_featured_image":false,"footnotes":""},"class_list":["post-55631","page","type-page","status-publish","hentry"],"acf":[],"_links":{"self":[{"href":"https:\/\/snoopy.hr\/de\/wp-json\/wp\/v2\/pages\/55631","targetHints":{"allow":["GET"]}}],"collection":[{"href":"https:\/\/snoopy.hr\/de\/wp-json\/wp\/v2\/pages"}],"about":[{"href":"https:\/\/snoopy.hr\/de\/wp-json\/wp\/v2\/types\/page"}],"author":[{"embeddable":true,"href":"https:\/\/snoopy.hr\/de\/wp-json\/wp\/v2\/users\/1"}],"replies":[{"embeddable":true,"href":"https:\/\/snoopy.hr\/de\/wp-json\/wp\/v2\/comments?post=55631"}],"version-history":[{"count":11,"href":"https:\/\/snoopy.hr\/de\/wp-json\/wp\/v2\/pages\/55631\/revisions"}],"predecessor-version":[{"id":57116,"href":"https:\/\/snoopy.hr\/de\/wp-json\/wp\/v2\/pages\/55631\/revisions\/57116"}],"wp:attachment":[{"href":"https:\/\/snoopy.hr\/de\/wp-json\/wp\/v2\/media?parent=55631"}],"curies":[{"name":"wp","href":"https:\/\/api.w.org\/{rel}","templated":true}]}}